{"id":52,"date":"2022-10-11T12:53:37","date_gmt":"2022-10-11T12:53:37","guid":{"rendered":"https:\/\/www.alscher-bestattungen.de\/?page_id=52"},"modified":"2023-10-17T14:00:54","modified_gmt":"2023-10-17T14:00:54","slug":"bestattungshaus","status":"publish","type":"page","link":"https:\/\/www.alscher-bestattungen.de\/de\/bestattungshaus\/","title":{"rendered":"Bestattungshaus"},"content":{"rendered":"\n<div id=\"block-main-banner-block_c795a6d50e0448fa4f0558ab55f8fa8c\" class=\"block-main-banner\">\n    <div class=\"container\">\n        <div class=\"banner-wrap layout2 content_right content_top\">\n            <div class=\"banner-image\">\n                                                            <img loading=\"lazy\" decoding=\"async\" width=\"1440\" height=\"960\" src=\"https:\/\/shop.sereni.de\/app\/uploads\/sites\/10\/2022\/10\/panyawat-auitpol-eq254Cqvmk8-unsplash-web-1440x960.jpg\" class=\"attachment-full-stretched size-full-stretched\" alt=\"Bestattungshaus\" title=\"Bestattungshaus\" \/>                                                <\/div>\n\n                            <div class=\"banner-content\">\n                    <div class=\"inner\">\n                        <h3><strong>Wir bestatten in:<\/strong><\/h3>\n<div class=\"ce_text\">\n<ul>\n<li>Hamburg Harburg mit allen Ortsteilen und Friedh\u00f6fen,<\/li>\n<li>Hamburg mit allen Ortsteilen und Friedh\u00f6fen,<\/li>\n<li>und auf Wunsch in der gesamten Bundesrepublik<br \/>\nund im Ausland<\/li>\n<\/ul>\n<\/div>\n                    <\/div>\n                <\/div>\n                    <\/div>\n    <\/div>\n<\/div>\n\n\n<div id=\"block-variable-content-list-block_a09103f822f8c046087f1ae1917b15c6\" class=\"block-variable-content-list alt_1\">\n    <div class=\"container\">\n        <div class=\"widget-wrap per_row_2\">\n                        <div class=\"block-content\">\n                                                                                    <div class=\"element\">\n                                                            \n                                \n                                                                    <div class=\"content-wrap\">\n                                        <h2><strong>Seien Sie unser Gast<\/strong><\/h2>\n<p>In der schweren Zeit nach einem Trauerfall sollen Sie sich bei uns gut aufgehoben f\u00fchlen. In freundlich-hellen Besprechungsr\u00e4umen nehmen wir uns Zeit und helfen bei allen wichtigen Entscheidungen.<\/p>\n<p><b>Cuxhavener Stra\u00dfe 307<br \/>\n21149 Hamburg<\/b><\/p>\n<p><span class=\"type-j\"><strong><a href=\"tel:04070200043\">Telefon: 040 &#8211; 70 20 00 43<\/a><br \/>\n<\/strong><\/span><span class=\"type-j\"><strong>Telefax: 040 &#8211; 70 20 00 44<br \/>\n<\/strong><a href=\"mailto:info@alscher-bestattungen.de\"><b>info@alscher-bestattungen.de<\/b><\/a><\/span><\/p>\n<p><a class=\"btn btn-primary\" href=\"https:\/\/www.alscher-bestattungen.de\/de\/kontakt\/\">Kontaktieren Sie uns<\/a><\/p>\n<p>Wenn Sie m\u00f6chten, kommen wir f\u00fcr die Beratungsgespr\u00e4che selbstverst\u00e4ndlich auch zu Ihnen nach Hause.<\/p>\n                                    <\/div>\n                                                                                    <\/div>\n                                                                    <div class=\"element\">\n                                                            \n                                                                    <div class=\"image-wrap\">\n                                                                                    <img loading=\"lazy\" decoding=\"async\" width=\"1024\" height=\"966\" src=\"https:\/\/shop.sereni.de\/app\/uploads\/sites\/10\/2023\/03\/CMS_1028-\u00a9SERENI-KatrinSchoene-e1680019253630-1024x966.jpg\" class=\"attachment-large size-large\" alt=\"Bestattungshaus\" srcset=\"https:\/\/shop.sereni.de\/app\/uploads\/sites\/10\/2023\/03\/CMS_1028-\u00a9SERENI-KatrinSchoene-e1680019253630-1024x966.jpg 1024w, https:\/\/shop.sereni.de\/app\/uploads\/sites\/10\/2023\/03\/CMS_1028-\u00a9SERENI-KatrinSchoene-e1680019253630-300x283.jpg 300w, https:\/\/shop.sereni.de\/app\/uploads\/sites\/10\/2023\/03\/CMS_1028-\u00a9SERENI-KatrinSchoene-e1680019253630-318x300.jpg 318w, https:\/\/shop.sereni.de\/app\/uploads\/sites\/10\/2023\/03\/CMS_1028-\u00a9SERENI-KatrinSchoene-e1680019253630-600x566.jpg 600w, https:\/\/shop.sereni.de\/app\/uploads\/sites\/10\/2023\/03\/CMS_1028-\u00a9SERENI-KatrinSchoene-e1680019253630.jpg 1269w\" sizes=\"auto, (max-width: 1024px) 100vw, 1024px\" title=\"Bestattungshaus\" \/>                                                                            <\/div>\n                                \n                                                                                    <\/div>\n                                                <\/div>\n        <\/div>\n    <\/div>\n<\/div>\n\n\n<div id=\"block-variable-content-list-block_50410d4f75b92cf0899bc8caf6661ab7\" class=\"block-variable-content-list alt_1\">\n    <div class=\"container\">\n        <div class=\"widget-wrap per_row_2\">\n                        <div class=\"block-content\">\n                                                                                    <div class=\"element\">\n                                                            \n                                                                    <div class=\"image-wrap\">\n                                                                                    <img loading=\"lazy\" decoding=\"async\" width=\"1024\" height=\"688\" src=\"https:\/\/shop.sereni.de\/app\/uploads\/sites\/10\/2023\/03\/CMS_0053-\u00a9SERENI-KatrinSchoene-1024x688.jpg\" class=\"attachment-large size-large\" alt=\"Bestattungshaus\" srcset=\"https:\/\/shop.sereni.de\/app\/uploads\/sites\/10\/2023\/03\/CMS_0053-\u00a9SERENI-KatrinSchoene-1024x688.jpg 1024w, https:\/\/shop.sereni.de\/app\/uploads\/sites\/10\/2023\/03\/CMS_0053-\u00a9SERENI-KatrinSchoene-300x202.jpg 300w, https:\/\/shop.sereni.de\/app\/uploads\/sites\/10\/2023\/03\/CMS_0053-\u00a9SERENI-KatrinSchoene-446x300.jpg 446w, https:\/\/shop.sereni.de\/app\/uploads\/sites\/10\/2023\/03\/CMS_0053-\u00a9SERENI-KatrinSchoene-1300x874.jpg 1300w, https:\/\/shop.sereni.de\/app\/uploads\/sites\/10\/2023\/03\/CMS_0053-\u00a9SERENI-KatrinSchoene-1440x968.jpg 1440w, https:\/\/shop.sereni.de\/app\/uploads\/sites\/10\/2023\/03\/CMS_0053-\u00a9SERENI-KatrinSchoene-600x403.jpg 600w, https:\/\/shop.sereni.de\/app\/uploads\/sites\/10\/2023\/03\/CMS_0053-\u00a9SERENI-KatrinSchoene.jpg 1800w\" sizes=\"auto, (max-width: 1024px) 100vw, 1024px\" title=\"Bestattungshaus\" \/>                                                                            <\/div>\n                                \n                                                                                    <\/div>\n                                                                    <div class=\"element\">\n                                                            \n                                \n                                                                    <div class=\"content-wrap\">\n                                        <p>In unseren gem\u00fctlichen R\u00e4umlichkeiten hei\u00dfen wir Sie gerne jederzeit willkommen, auch nach Absprache au\u00dferhalb der normalen \u00d6ffnungszeiten.<\/p>\n<p>Hier k\u00f6nnen Sie sich wohlf\u00fchlen und sich ganz auf die Abschiednahme Ihres geliebten Menschen konzentrieren.<\/p>\n                                    <\/div>\n                                                                                    <\/div>\n                                                                    <div class=\"element\">\n                                                            \n                                \n                                                                    <div class=\"content-wrap\">\n                                        <p>An unserem Standort in Hamburg-Harburg k\u00f6nnen Sie sich aus einer kleinen Urnenauswahl die gew\u00fcnschte Urne aussuchen.<\/p>\n                                    <\/div>\n                                                                                    <\/div>\n                                                                    <div class=\"element\">\n                                                            \n                                                                    <div class=\"image-wrap\">\n                                                                                    <img loading=\"lazy\" decoding=\"async\" width=\"951\" height=\"1024\" src=\"https:\/\/shop.sereni.de\/app\/uploads\/sites\/10\/2023\/03\/CMS_0114-\u00a9SERENI-KatrinSchoene-e1680020051746-951x1024.jpg\" class=\"attachment-large size-large\" alt=\"Bestattungshaus\" srcset=\"https:\/\/shop.sereni.de\/app\/uploads\/sites\/10\/2023\/03\/CMS_0114-\u00a9SERENI-KatrinSchoene-e1680020051746-951x1024.jpg 951w, https:\/\/shop.sereni.de\/app\/uploads\/sites\/10\/2023\/03\/CMS_0114-\u00a9SERENI-KatrinSchoene-e1680020051746-279x300.jpg 279w, https:\/\/shop.sereni.de\/app\/uploads\/sites\/10\/2023\/03\/CMS_0114-\u00a9SERENI-KatrinSchoene-e1680020051746-557x600.jpg 557w, https:\/\/shop.sereni.de\/app\/uploads\/sites\/10\/2023\/03\/CMS_0114-\u00a9SERENI-KatrinSchoene-e1680020051746.jpg 1170w\" sizes=\"auto, (max-width: 951px) 100vw, 951px\" title=\"Bestattungshaus\" \/>                                                                            <\/div>\n                                \n                                                                                    <\/div>\n                                                                    <div class=\"element\">\n                                                            \n                                                                    <div class=\"image-wrap\">\n                                                                                    <img loading=\"lazy\" decoding=\"async\" width=\"1024\" height=\"688\" src=\"https:\/\/shop.sereni.de\/app\/uploads\/sites\/10\/2023\/03\/CMS_0831-\u00a9SERENI-KatrinSchoene-1024x688.jpg\" class=\"attachment-large size-large\" alt=\"Bestattungshaus\" srcset=\"https:\/\/shop.sereni.de\/app\/uploads\/sites\/10\/2023\/03\/CMS_0831-\u00a9SERENI-KatrinSchoene-1024x688.jpg 1024w, https:\/\/shop.sereni.de\/app\/uploads\/sites\/10\/2023\/03\/CMS_0831-\u00a9SERENI-KatrinSchoene-300x202.jpg 300w, https:\/\/shop.sereni.de\/app\/uploads\/sites\/10\/2023\/03\/CMS_0831-\u00a9SERENI-KatrinSchoene-446x300.jpg 446w, https:\/\/shop.sereni.de\/app\/uploads\/sites\/10\/2023\/03\/CMS_0831-\u00a9SERENI-KatrinSchoene-1300x874.jpg 1300w, https:\/\/shop.sereni.de\/app\/uploads\/sites\/10\/2023\/03\/CMS_0831-\u00a9SERENI-KatrinSchoene-1440x968.jpg 1440w, https:\/\/shop.sereni.de\/app\/uploads\/sites\/10\/2023\/03\/CMS_0831-\u00a9SERENI-KatrinSchoene-600x403.jpg 600w, https:\/\/shop.sereni.de\/app\/uploads\/sites\/10\/2023\/03\/CMS_0831-\u00a9SERENI-KatrinSchoene.jpg 1800w\" sizes=\"auto, (max-width: 1024px) 100vw, 1024px\" title=\"Bestattungshaus\" \/>                                                                            <\/div>\n                                \n                                                                                    <\/div>\n                                                                    <div class=\"element\">\n                                                            \n                                \n                                                                    <div class=\"content-wrap\">\n                                        <p>Sollte Ihre gew\u00fcnschte Urne nicht vor Ort verf\u00fcgbar sein, so k\u00f6nnen wir selbstverst\u00e4ndlich aus unserer gro\u00dfen Auswahl kurzfristig Ihre Wunschurne bestellen.<\/p>\n                                    <\/div>\n                                                                                    <\/div>\n                                                                    <div class=\"element\">\n                                                            \n                                \n                                                                    <div class=\"content-wrap\">\n                                        <p>Den gew\u00fcnschten Trauerdruck f\u00fcr Ihren geliebten Menschen k\u00f6nnen wir uns vor Ort direkt gemeinsam angucken, sodass Sie einen Vordruck zur Pr\u00fcfung und Abstimmung mit Ihrer Verwandtschaft mitnehmen k\u00f6nnen.<\/p>\n                                    <\/div>\n                                                                                    <\/div>\n                                                                    <div class=\"element\">\n                                                            \n                                                                    <div class=\"image-wrap\">\n                                                                                    <img loading=\"lazy\" decoding=\"async\" width=\"969\" height=\"1024\" src=\"https:\/\/shop.sereni.de\/app\/uploads\/sites\/10\/2023\/03\/CMS_0698-\u00a9SERENI-KatrinSchoene-e1680019943484-969x1024.jpg\" class=\"attachment-large size-large\" alt=\"Bestattungshaus\" srcset=\"https:\/\/shop.sereni.de\/app\/uploads\/sites\/10\/2023\/03\/CMS_0698-\u00a9SERENI-KatrinSchoene-e1680019943484-969x1024.jpg 969w, https:\/\/shop.sereni.de\/app\/uploads\/sites\/10\/2023\/03\/CMS_0698-\u00a9SERENI-KatrinSchoene-e1680019943484-284x300.jpg 284w, https:\/\/shop.sereni.de\/app\/uploads\/sites\/10\/2023\/03\/CMS_0698-\u00a9SERENI-KatrinSchoene-e1680019943484-568x600.jpg 568w, https:\/\/shop.sereni.de\/app\/uploads\/sites\/10\/2023\/03\/CMS_0698-\u00a9SERENI-KatrinSchoene-e1680019943484.jpg 1200w\" sizes=\"auto, (max-width: 969px) 100vw, 969px\" title=\"Bestattungshaus\" \/>                                                                            <\/div>\n                                \n                                                                                    <\/div>\n                                                                    <div class=\"element\">\n                                                            \n                                                                    <div class=\"image-wrap\">\n                                                                                    <img loading=\"lazy\" decoding=\"async\" width=\"1024\" height=\"1021\" src=\"https:\/\/shop.sereni.de\/app\/uploads\/sites\/10\/2023\/03\/CMS_1073-\u00a9SERENI-KatrinSchoene-1024x1021.jpg\" class=\"attachment-large size-large\" alt=\"Bestattungshaus\" srcset=\"https:\/\/shop.sereni.de\/app\/uploads\/sites\/10\/2023\/03\/CMS_1073-\u00a9SERENI-KatrinSchoene-1024x1021.jpg 1024w, https:\/\/shop.sereni.de\/app\/uploads\/sites\/10\/2023\/03\/CMS_1073-\u00a9SERENI-KatrinSchoene-300x300.jpg 300w, https:\/\/shop.sereni.de\/app\/uploads\/sites\/10\/2023\/03\/CMS_1073-\u00a9SERENI-KatrinSchoene-150x150.jpg 150w, https:\/\/shop.sereni.de\/app\/uploads\/sites\/10\/2023\/03\/CMS_1073-\u00a9SERENI-KatrinSchoene-301x300.jpg 301w, https:\/\/shop.sereni.de\/app\/uploads\/sites\/10\/2023\/03\/CMS_1073-\u00a9SERENI-KatrinSchoene.jpg 1200w\" sizes=\"auto, (max-width: 1024px) 100vw, 1024px\" title=\"Bestattungshaus\" \/>                                                                            <\/div>\n                                \n                                                                                    <\/div>\n                                                                    <div class=\"element\">\n                                                            \n                                \n                                                                    <div class=\"content-wrap\">\n                                        <p>In unserem Alscher-Bestattungswagen haben wir auch immer s\u00e4mtliche Deko-Materialen dabei, sodass wir Ihren Abschied so individuell wie m\u00f6glich gestalten k\u00f6nnen &#8211; sei es opulent oder dezent, so wie es sich der Verstorbene gew\u00fcnscht hat!<\/p>\n                                    <\/div>\n                                                                                    <\/div>\n                                                <\/div>\n        <\/div>\n    <\/div>\n<\/div>\n","protected":false},"excerpt":{"rendered":"","protected":false},"author":1,"featured_media":0,"parent":0,"menu_order":0,"comment_status":"closed","ping_status":"closed","template":"","meta":{"_acf_changed":false,"footnotes":""},"class_list":["post-52","page","type-page","status-publish","hentry"],"acf":[],"yoast_head":"<!-- This site is optimized with the Yoast SEO plugin v25.8 - https:\/\/yoast.com\/wordpress\/plugins\/seo\/ -->\n<title>Bestattungshaus - Alscher Bestattungen<\/title>\n<meta name=\"description\" content=\"In unseren gem\u00fctlichen R\u00e4umlichkeiten hei\u00dfen wir Sie gerne jederzeit willkommen, auch nach Absprache au\u00dferhalb der normalen \u00d6ffnungszeiten.\" \/>\n<meta name=\"robots\" content=\"index, follow, max-snippet:-1, max-image-preview:large, max-video-preview:-1\" \/>\n<link rel=\"canonical\" href=\"https:\/\/www.alscher-bestattungen.de\/de\/bestattungshaus\/\" \/>\n<meta property=\"og:locale\" content=\"de_DE\" \/>\n<meta property=\"og:type\" content=\"article\" \/>\n<meta property=\"og:title\" content=\"Bestattungshaus - Alscher Bestattungen\" \/>\n<meta property=\"og:description\" content=\"In unseren gem\u00fctlichen R\u00e4umlichkeiten hei\u00dfen wir Sie gerne jederzeit willkommen, auch nach Absprache au\u00dferhalb der normalen \u00d6ffnungszeiten.\" \/>\n<meta property=\"og:url\" content=\"https:\/\/www.alscher-bestattungen.de\/de\/bestattungshaus\/\" \/>\n<meta property=\"og:site_name\" content=\"Alscher Bestattungen\" \/>\n<meta property=\"article:modified_time\" content=\"2023-10-17T14:00:54+00:00\" \/>\n<meta name=\"twitter:card\" content=\"summary_large_image\" \/>\n<script type=\"application\/ld+json\" class=\"yoast-schema-graph\">{\"@context\":\"https:\/\/schema.org\",\"@graph\":[{\"@type\":\"WebPage\",\"@id\":\"https:\/\/www.alscher-bestattungen.de\/de\/bestattungshaus\/\",\"url\":\"https:\/\/www.alscher-bestattungen.de\/de\/bestattungshaus\/\",\"name\":\"Bestattungshaus - Alscher Bestattungen\",\"isPartOf\":{\"@id\":\"https:\/\/www.alscher-bestattungen.de\/de\/#website\"},\"datePublished\":\"2022-10-11T12:53:37+00:00\",\"dateModified\":\"2023-10-17T14:00:54+00:00\",\"description\":\"In unseren gem\u00fctlichen R\u00e4umlichkeiten hei\u00dfen wir Sie gerne jederzeit willkommen, auch nach Absprache au\u00dferhalb der normalen \u00d6ffnungszeiten.\",\"inLanguage\":\"de-DE\",\"potentialAction\":[{\"@type\":\"ReadAction\",\"target\":[\"https:\/\/www.alscher-bestattungen.de\/de\/bestattungshaus\/\"]}]},{\"@type\":\"WebSite\",\"@id\":\"https:\/\/www.alscher-bestattungen.de\/de\/#website\",\"url\":\"https:\/\/www.alscher-bestattungen.de\/de\/\",\"name\":\"Alscher Bestattungen\",\"description\":\"Just another Sereni Sites site\",\"potentialAction\":[{\"@type\":\"SearchAction\",\"target\":{\"@type\":\"EntryPoint\",\"urlTemplate\":\"https:\/\/www.alscher-bestattungen.de\/de\/?s={search_term_string}\"},\"query-input\":{\"@type\":\"PropertyValueSpecification\",\"valueRequired\":true,\"valueName\":\"search_term_string\"}}],\"inLanguage\":\"de-DE\"}]}<\/script>\n<!-- \/ Yoast SEO plugin. -->","yoast_head_json":{"title":"Bestattungshaus - Alscher Bestattungen","description":"In unseren gem\u00fctlichen R\u00e4umlichkeiten hei\u00dfen wir Sie gerne jederzeit willkommen, auch nach Absprache au\u00dferhalb der normalen \u00d6ffnungszeiten.","robots":{"index":"index","follow":"follow","max-snippet":"max-snippet:-1","max-image-preview":"max-image-preview:large","max-video-preview":"max-video-preview:-1"},"canonical":"https:\/\/www.alscher-bestattungen.de\/de\/bestattungshaus\/","og_locale":"de_DE","og_type":"article","og_title":"Bestattungshaus - Alscher Bestattungen","og_description":"In unseren gem\u00fctlichen R\u00e4umlichkeiten hei\u00dfen wir Sie gerne jederzeit willkommen, auch nach Absprache au\u00dferhalb der normalen \u00d6ffnungszeiten.","og_url":"https:\/\/www.alscher-bestattungen.de\/de\/bestattungshaus\/","og_site_name":"Alscher Bestattungen","article_modified_time":"2023-10-17T14:00:54+00:00","twitter_card":"summary_large_image","schema":{"@context":"https:\/\/schema.org","@graph":[{"@type":"WebPage","@id":"https:\/\/www.alscher-bestattungen.de\/de\/bestattungshaus\/","url":"https:\/\/www.alscher-bestattungen.de\/de\/bestattungshaus\/","name":"Bestattungshaus - Alscher Bestattungen","isPartOf":{"@id":"https:\/\/www.alscher-bestattungen.de\/de\/#website"},"datePublished":"2022-10-11T12:53:37+00:00","dateModified":"2023-10-17T14:00:54+00:00","description":"In unseren gem\u00fctlichen R\u00e4umlichkeiten hei\u00dfen wir Sie gerne jederzeit willkommen, auch nach Absprache au\u00dferhalb der normalen \u00d6ffnungszeiten.","inLanguage":"de-DE","potentialAction":[{"@type":"ReadAction","target":["https:\/\/www.alscher-bestattungen.de\/de\/bestattungshaus\/"]}]},{"@type":"WebSite","@id":"https:\/\/www.alscher-bestattungen.de\/de\/#website","url":"https:\/\/www.alscher-bestattungen.de\/de\/","name":"Alscher Bestattungen","description":"Just another Sereni Sites site","potentialAction":[{"@type":"SearchAction","target":{"@type":"EntryPoint","urlTemplate":"https:\/\/www.alscher-bestattungen.de\/de\/?s={search_term_string}"},"query-input":{"@type":"PropertyValueSpecification","valueRequired":true,"valueName":"search_term_string"}}],"inLanguage":"de-DE"}]}},"_links":{"self":[{"href":"https:\/\/www.alscher-bestattungen.de\/de\/wp-json\/wp\/v2\/pages\/52","targetHints":{"allow":["GET"]}}],"collection":[{"href":"https:\/\/www.alscher-bestattungen.de\/de\/wp-json\/wp\/v2\/pages"}],"about":[{"href":"https:\/\/www.alscher-bestattungen.de\/de\/wp-json\/wp\/v2\/types\/page"}],"author":[{"embeddable":true,"href":"https:\/\/www.alscher-bestattungen.de\/de\/wp-json\/wp\/v2\/users\/1"}],"replies":[{"embeddable":true,"href":"https:\/\/www.alscher-bestattungen.de\/de\/wp-json\/wp\/v2\/comments?post=52"}],"version-history":[{"count":59,"href":"https:\/\/www.alscher-bestattungen.de\/de\/wp-json\/wp\/v2\/pages\/52\/revisions"}],"predecessor-version":[{"id":2139,"href":"https:\/\/www.alscher-bestattungen.de\/de\/wp-json\/wp\/v2\/pages\/52\/revisions\/2139"}],"wp:attachment":[{"href":"https:\/\/www.alscher-bestattungen.de\/de\/wp-json\/wp\/v2\/media?parent=52"}],"curies":[{"name":"wp","href":"https:\/\/api.w.org\/{rel}","templated":true}]}}