{"id":19,"date":"2022-10-06T11:08:27","date_gmt":"2022-10-06T11:08:27","guid":{"rendered":"https:\/\/www.alscher-bestattungen.de\/?page_id=19"},"modified":"2023-10-17T13:57:36","modified_gmt":"2023-10-17T13:57:36","slug":"bestattungsplaner-sereni","status":"publish","type":"page","link":"https:\/\/www.alscher-bestattungen.de\/de\/","title":{"rendered":"Home"},"content":{"rendered":"\n<p class=\"normal\">     <\/p>\n\n\n\n<h1 class=\"wp-block-heading has-text-align-center normal\"><strong>Ihr Bestattungshaus in Hamburg<\/strong><\/h1>\n\n\n\n<p class=\"has-text-align-center normal\"><strong>In der schweren Zeit nach einem Trauerfall d\u00fcrfen Sie darauf vertrauen, dass unser erfahrenes Team Sie in unserem B\u00fcro in Hamburg mit viel Verst\u00e4ndnis f\u00fcr Ihre Fragen und N\u00f6te bei allen anstehenden Entscheidungen fair ber\u00e4t und bestm\u00f6glich unterst\u00fctzt.<\/strong><\/p>\n\n\n\n<p class=\"normal\"><\/p>\n\n\n\n<div id=\"block-main-banner-block_ae80c34b47c7cf7526da9546a21c58df\" class=\"block-main-banner\">\n    <div class=\"container\">\n        <div class=\"banner-wrap layout1 content_right content_bottom\">\n            <div class=\"banner-image\">\n                                                            <img loading=\"lazy\" decoding=\"async\" width=\"1440\" height=\"958\" src=\"https:\/\/shop.sereni.de\/app\/uploads\/sites\/10\/2023\/03\/CMS_04650438-\u00a9SERENI-KatrinSchoene-1440x958.jpg\" class=\"attachment-full-stretched size-full-stretched\" alt=\"Home\" srcset=\"https:\/\/shop.sereni.de\/app\/uploads\/sites\/10\/2023\/03\/CMS_04650438-\u00a9SERENI-KatrinSchoene-1440x958.jpg 1440w, https:\/\/shop.sereni.de\/app\/uploads\/sites\/10\/2023\/03\/CMS_04650438-\u00a9SERENI-KatrinSchoene-300x200.jpg 300w, https:\/\/shop.sereni.de\/app\/uploads\/sites\/10\/2023\/03\/CMS_04650438-\u00a9SERENI-KatrinSchoene-1024x682.jpg 1024w, https:\/\/shop.sereni.de\/app\/uploads\/sites\/10\/2023\/03\/CMS_04650438-\u00a9SERENI-KatrinSchoene-451x300.jpg 451w, https:\/\/shop.sereni.de\/app\/uploads\/sites\/10\/2023\/03\/CMS_04650438-\u00a9SERENI-KatrinSchoene-1300x865.jpg 1300w, https:\/\/shop.sereni.de\/app\/uploads\/sites\/10\/2023\/03\/CMS_04650438-\u00a9SERENI-KatrinSchoene-600x399.jpg 600w, https:\/\/shop.sereni.de\/app\/uploads\/sites\/10\/2023\/03\/CMS_04650438-\u00a9SERENI-KatrinSchoene.jpg 1800w\" sizes=\"auto, (max-width: 1440px) 100vw, 1440px\" title=\"Home\" \/>                                                <\/div>\n\n                            <div class=\"banner-content\">\n                    <div class=\"inner\">\n                        <p><a class=\"btn btn-primary\" href=\"https:\/\/www.alscher-bestattungen.de\/de\/unser-team\/\" data-rich-text-format-boundary=\"true\">\u00dcber uns<\/a> \u00a0\u00a0 \u00a0\u00a0<a class=\"btn btn-primary\" href=\"https:\/\/www.alscher-bestattungen.de\/de\/kontakt\/\">Kontakt<\/a><\/p>\n                    <\/div>\n                <\/div>\n                    <\/div>\n    <\/div>\n<\/div>\n\n\n<div id=\"block-variable-content-list-block_01dfa23331f64fb92060b19c9652b5e5\" class=\"block-variable-content-list alt_1\">\n    <div class=\"container\">\n        <div class=\"widget-wrap per_row_2\">\n                        <div class=\"block-content\">\n                                                                                    <div class=\"element\">\n                                                            \n                                \n                                                                    <div class=\"content-wrap\">\n                                        <h2><strong>IM TRAUERFALL<\/strong><\/h2>\n<p><span class=\"type-j\">Was ist sofort zu tun?<\/span><\/p>\n<h2><strong>Zwei Anrufe gen\u00fcgen<\/strong><\/h2>\n<p><span class=\"type-j\"><strong>+ Rufen Sie den Hausarzt oder den \u00e4rztlichen Notdienst<\/strong>, der eine Todesbescheinigung ausstellt.<\/span><\/p>\n<h3><span class=\"type-j\"><strong>+ Verst\u00e4ndigen Sie uns als Bestatter Ihrer Wahl<\/strong>, der Sie bei allen weiteren Schritten unterst\u00fctzt.<br \/>\nSie erreichen uns <strong>Tag und Nacht<\/strong> pers\u00f6nlich unter der Telefonnummer:<\/span><\/h3>\n<h3 style=\"text-align: center\"><a class=\"btn btn-primary\" href=\"https:\/\/www.alscher-bestattungen.de\/de\/kontakt\/\"><strong>\u00a0 040 &#8211; 70 2000 43<\/strong><\/a><\/h3>\n                                    <\/div>\n                                                                                    <\/div>\n                                                                    <div class=\"element\">\n                                                            \n                                                                    <div class=\"image-wrap\">\n                                                                                    <img loading=\"lazy\" decoding=\"async\" width=\"1024\" height=\"771\" src=\"https:\/\/shop.sereni.de\/app\/uploads\/sites\/10\/2023\/06\/Zwei-Menschen-am-Meer-1-1024x771.jpg\" class=\"attachment-large size-large\" alt=\"Home\" srcset=\"https:\/\/shop.sereni.de\/app\/uploads\/sites\/10\/2023\/06\/Zwei-Menschen-am-Meer-1-1024x771.jpg 1024w, https:\/\/shop.sereni.de\/app\/uploads\/sites\/10\/2023\/06\/Zwei-Menschen-am-Meer-1-300x226.jpg 300w, https:\/\/shop.sereni.de\/app\/uploads\/sites\/10\/2023\/06\/Zwei-Menschen-am-Meer-1-398x300.jpg 398w, https:\/\/shop.sereni.de\/app\/uploads\/sites\/10\/2023\/06\/Zwei-Menschen-am-Meer-1-600x452.jpg 600w, https:\/\/shop.sereni.de\/app\/uploads\/sites\/10\/2023\/06\/Zwei-Menschen-am-Meer-1.jpg 1196w\" sizes=\"auto, (max-width: 1024px) 100vw, 1024px\" title=\"Home\" \/>                                                                            <\/div>\n                                \n                                                                                    <\/div>\n                                                <\/div>\n        <\/div>\n    <\/div>\n<\/div>\n\n\n<div id=\"block-variable-content-list-block_1eb9a90de4a06927d3b51e8db44f16eb\" class=\"block-variable-content-list alt_1\">\n    <div class=\"container\">\n        <div class=\"widget-wrap per_row_2\">\n                        <div class=\"block-content\">\n                                                                                    <div class=\"element\">\n                                                            \n                                                                    <div class=\"image-wrap\">\n                                                                                    <img loading=\"lazy\" decoding=\"async\" width=\"801\" height=\"601\" src=\"https:\/\/shop.sereni.de\/app\/uploads\/sites\/10\/2023\/06\/Haende-halten.jpg\" class=\"attachment-large size-large\" alt=\"Home\" srcset=\"https:\/\/shop.sereni.de\/app\/uploads\/sites\/10\/2023\/06\/Haende-halten.jpg 801w, https:\/\/shop.sereni.de\/app\/uploads\/sites\/10\/2023\/06\/Haende-halten-300x225.jpg 300w, https:\/\/shop.sereni.de\/app\/uploads\/sites\/10\/2023\/06\/Haende-halten-400x300.jpg 400w, https:\/\/shop.sereni.de\/app\/uploads\/sites\/10\/2023\/06\/Haende-halten-600x450.jpg 600w\" sizes=\"auto, (max-width: 801px) 100vw, 801px\" title=\"Home\" \/>                                                                            <\/div>\n                                \n                                                                                    <\/div>\n                                                                    <div class=\"element\">\n                                                            \n                                \n                                                                    <div class=\"content-wrap\">\n                                        <h2><strong>Unsere Leistungen f\u00fcr Sie:<\/strong><\/h2>\n<ul>\n<li><span class=\"type-j\"><strong>Ausf\u00fchrliche, kostenlose Beratung zur Bestattungsvorsorge<\/strong><\/span><\/li>\n<li><strong>Individuelle Bestattungsarten: Erd-, Feuer-, See-, Friedwald-, und Anonyme Bestattung, sowie\u00a0<\/strong><strong>Sternenwiese und Tree of Life, der Baum des Lebens<\/strong><\/li>\n<li><span class=\"type-j\"><strong>\u00dcberf\u00fchrung und Versorgung des Verstorbenen<\/strong><\/span><\/li>\n<li><span class=\"type-j\"><strong>Entlastung Ihrer Angeh\u00f6rigen bei allen Formalit\u00e4ten<\/strong><\/span><\/li>\n<li><span class=\"type-j\"><strong>Wunschgerechte Durchf\u00fchrung der Trauerfeier und Bestattung<\/strong><\/span><\/li>\n<li><span class=\"type-j\"><strong>Professioneller Trauerdruck<\/strong><\/span><\/li>\n<li><strong>Beratungen auch in russischer und polnischer Sprache m\u00f6glich<\/strong><\/li>\n<\/ul>\n<p style=\"text-align: center\"><a class=\"btn btn-primary\" href=\"https:\/\/www.alscher-bestattungen.de\/de\/kontakt\/\">Kontaktieren Sie uns<\/a><\/p>\n                                    <\/div>\n                                                                                    <\/div>\n                                                <\/div>\n        <\/div>\n    <\/div>\n<\/div>\n\n\n<div id=\"block-variable-content-list-block_a4c023b8c700e5810f8edbf732edd390\" class=\"block-variable-content-list alt_1\">\n    <div class=\"container\">\n        <div class=\"widget-wrap per_row_2\">\n                        <div class=\"block-content\">\n                                                                                    <div class=\"element\">\n                                                            \n                                \n                                                                    <div class=\"content-wrap\">\n                                        <h2><strong>Trauer verbindet.<\/strong><\/h2>\n<p><span class=\"type-j\">Bewusst Abschied zu nehmen ist der Einstieg in die Trauerarbeit, ein wichtiger erster Schritt, den Tod zu akzeptieren. Wie Sie diese Abschiednahme gestalten m\u00f6chten, entscheiden Sie nach Ihrem pers\u00f6nlichen Empfinden. Vor der Trauerfeier geben wir Ihnen die Gelegenheit zu einem letzten Beisammensein mit dem Verstorbenen am offenen oder geschlossenen Sarg oder im Rahmen einer Urnen-Aufbahrung in der Trauerhalle.<\/span><\/p>\n<p><span class=\"type-j\"><strong>Mut zu einem besonderen Schritt.<\/strong><\/span><\/p>\n<p><span class=\"type-j\">Aus Erfahrung wissen wir, dass es f\u00fcr Hinterbliebene ein wichtiger Schritt in der Trauerbew\u00e4ltigung sein kann, aktiv an der Versorgung, Einkleidung und Einbettung des Verstorbenen mitzuwirken. Wir m\u00f6chten Sie ausdr\u00fccklich zu dieser Form der Abschiednahme ermutigen. Alle Aufgaben, die Sie sich zutrauen, d\u00fcrfen Sie auch selbst \u00fcbernehmen. Wir assistieren, wo und wann Sie uns brauchen.<\/span><\/p>\n<p><span class=\"type-j\"><strong>Das letzte gemeinsame Fest.<\/strong><\/span><\/p>\n<p><span class=\"type-j\">Jeder Verstorbene sollte ein Begr\u00e4bnis erhalten, das seiner Pers\u00f6nlichkeit gerecht wird, sein Leben in Erinnerung ruft, seine Einzigartigkeit hervorhebt. Wir besprechen mit Ihnen, wie sich die Zeremonie individuell gestalten l\u00e4sst, und ermuntern Sie, eigene kreative Ideen einzubringen. Wir freuen uns, wenn wir Ihnen au\u00dfergew\u00f6hnliche W\u00fcnsche erf\u00fcllen und so einen Verstorbenen auf besondere Weise ehren d\u00fcrfen.<\/span><\/p>\n<p>&nbsp;<\/p>\n<p style=\"text-align: center\"><a class=\"btn btn-primary\" href=\"https:\/\/www.alscher-bestattungen.de\/de\/kontakt\/\">Kontaktieren Sie uns<\/a><\/p>\n                                    <\/div>\n                                                                                    <\/div>\n                                                                    <div class=\"element\">\n                                                            \n                                                                    <div class=\"image-wrap\">\n                                                                                    <img loading=\"lazy\" decoding=\"async\" width=\"660\" height=\"909\" src=\"https:\/\/shop.sereni.de\/app\/uploads\/sites\/10\/2023\/06\/Hand_Rose.jpg\" class=\"attachment-large size-large\" alt=\"Home\" srcset=\"https:\/\/shop.sereni.de\/app\/uploads\/sites\/10\/2023\/06\/Hand_Rose.jpg 660w, https:\/\/shop.sereni.de\/app\/uploads\/sites\/10\/2023\/06\/Hand_Rose-218x300.jpg 218w, https:\/\/shop.sereni.de\/app\/uploads\/sites\/10\/2023\/06\/Hand_Rose-436x600.jpg 436w\" sizes=\"auto, (max-width: 660px) 100vw, 660px\" title=\"Home\" \/>                                                                            <\/div>\n                                \n                                                                                    <\/div>\n                                                <\/div>\n        <\/div>\n    <\/div>\n<\/div>\n","protected":false},"excerpt":{"rendered":"<p>Ihr Bestattungshaus in Hamburg In der schweren Zeit nach einem Trauerfall d\u00fcrfen Sie darauf vertrauen, dass unser erfahrenes Team Sie<\/p>\n","protected":false},"author":1,"featured_media":0,"parent":0,"menu_order":0,"comment_status":"closed","ping_status":"closed","template":"","meta":{"_acf_changed":false,"footnotes":""},"class_list":["post-19","page","type-page","status-publish","hentry"],"acf":[],"yoast_head":"<!-- This site is optimized with the Yoast SEO plugin v25.8 - https:\/\/yoast.com\/wordpress\/plugins\/seo\/ -->\n<title>Ihr Bestattungshaus in Hamburg<\/title>\n<meta name=\"robots\" content=\"index, follow, max-snippet:-1, max-image-preview:large, max-video-preview:-1\" \/>\n<link rel=\"canonical\" href=\"https:\/\/www.alscher-bestattungen.de\/de\/\" \/>\n<meta property=\"og:locale\" content=\"de_DE\" \/>\n<meta property=\"og:type\" content=\"article\" \/>\n<meta property=\"og:title\" content=\"Ihr Bestattungshaus in Hamburg\" \/>\n<meta property=\"og:description\" content=\"Ihr Bestattungshaus in Hamburg In der schweren Zeit nach einem Trauerfall d\u00fcrfen Sie darauf vertrauen, dass unser erfahrenes Team Sie\" \/>\n<meta property=\"og:url\" content=\"https:\/\/www.alscher-bestattungen.de\/de\/\" \/>\n<meta property=\"og:site_name\" content=\"Alscher Bestattungen\" \/>\n<meta property=\"article:modified_time\" content=\"2023-10-17T13:57:36+00:00\" \/>\n<meta name=\"twitter:card\" content=\"summary_large_image\" \/>\n<meta name=\"twitter:label1\" content=\"Est. reading time\" \/>\n\t<meta name=\"twitter:data1\" content=\"1 minute\" \/>\n<script type=\"application\/ld+json\" class=\"yoast-schema-graph\">{\"@context\":\"https:\/\/schema.org\",\"@graph\":[{\"@type\":\"WebPage\",\"@id\":\"https:\/\/www.alscher-bestattungen.de\/de\/\",\"url\":\"https:\/\/www.alscher-bestattungen.de\/de\/\",\"name\":\"Ihr Bestattungshaus in Hamburg\",\"isPartOf\":{\"@id\":\"https:\/\/www.alscher-bestattungen.de\/de\/#website\"},\"datePublished\":\"2022-10-06T11:08:27+00:00\",\"dateModified\":\"2023-10-17T13:57:36+00:00\",\"inLanguage\":\"de-DE\",\"potentialAction\":[{\"@type\":\"ReadAction\",\"target\":[\"https:\/\/www.alscher-bestattungen.de\/de\/\"]}]},{\"@type\":\"WebSite\",\"@id\":\"https:\/\/www.alscher-bestattungen.de\/de\/#website\",\"url\":\"https:\/\/www.alscher-bestattungen.de\/de\/\",\"name\":\"Alscher Bestattungen\",\"description\":\"Just another Sereni Sites site\",\"potentialAction\":[{\"@type\":\"SearchAction\",\"target\":{\"@type\":\"EntryPoint\",\"urlTemplate\":\"https:\/\/www.alscher-bestattungen.de\/de\/?s={search_term_string}\"},\"query-input\":{\"@type\":\"PropertyValueSpecification\",\"valueRequired\":true,\"valueName\":\"search_term_string\"}}],\"inLanguage\":\"de-DE\"}]}<\/script>\n<!-- \/ Yoast SEO plugin. -->","yoast_head_json":{"title":"Ihr Bestattungshaus in Hamburg","robots":{"index":"index","follow":"follow","max-snippet":"max-snippet:-1","max-image-preview":"max-image-preview:large","max-video-preview":"max-video-preview:-1"},"canonical":"https:\/\/www.alscher-bestattungen.de\/de\/","og_locale":"de_DE","og_type":"article","og_title":"Ihr Bestattungshaus in Hamburg","og_description":"Ihr Bestattungshaus in Hamburg In der schweren Zeit nach einem Trauerfall d\u00fcrfen Sie darauf vertrauen, dass unser erfahrenes Team Sie","og_url":"https:\/\/www.alscher-bestattungen.de\/de\/","og_site_name":"Alscher Bestattungen","article_modified_time":"2023-10-17T13:57:36+00:00","twitter_card":"summary_large_image","twitter_misc":{"Est. reading time":"1 minute"},"schema":{"@context":"https:\/\/schema.org","@graph":[{"@type":"WebPage","@id":"https:\/\/www.alscher-bestattungen.de\/de\/","url":"https:\/\/www.alscher-bestattungen.de\/de\/","name":"Ihr Bestattungshaus in Hamburg","isPartOf":{"@id":"https:\/\/www.alscher-bestattungen.de\/de\/#website"},"datePublished":"2022-10-06T11:08:27+00:00","dateModified":"2023-10-17T13:57:36+00:00","inLanguage":"de-DE","potentialAction":[{"@type":"ReadAction","target":["https:\/\/www.alscher-bestattungen.de\/de\/"]}]},{"@type":"WebSite","@id":"https:\/\/www.alscher-bestattungen.de\/de\/#website","url":"https:\/\/www.alscher-bestattungen.de\/de\/","name":"Alscher Bestattungen","description":"Just another Sereni Sites site","potentialAction":[{"@type":"SearchAction","target":{"@type":"EntryPoint","urlTemplate":"https:\/\/www.alscher-bestattungen.de\/de\/?s={search_term_string}"},"query-input":{"@type":"PropertyValueSpecification","valueRequired":true,"valueName":"search_term_string"}}],"inLanguage":"de-DE"}]}},"_links":{"self":[{"href":"https:\/\/www.alscher-bestattungen.de\/de\/wp-json\/wp\/v2\/pages\/19","targetHints":{"allow":["GET"]}}],"collection":[{"href":"https:\/\/www.alscher-bestattungen.de\/de\/wp-json\/wp\/v2\/pages"}],"about":[{"href":"https:\/\/www.alscher-bestattungen.de\/de\/wp-json\/wp\/v2\/types\/page"}],"author":[{"embeddable":true,"href":"https:\/\/www.alscher-bestattungen.de\/de\/wp-json\/wp\/v2\/users\/1"}],"replies":[{"embeddable":true,"href":"https:\/\/www.alscher-bestattungen.de\/de\/wp-json\/wp\/v2\/comments?post=19"}],"version-history":[{"count":199,"href":"https:\/\/www.alscher-bestattungen.de\/de\/wp-json\/wp\/v2\/pages\/19\/revisions"}],"predecessor-version":[{"id":2135,"href":"https:\/\/www.alscher-bestattungen.de\/de\/wp-json\/wp\/v2\/pages\/19\/revisions\/2135"}],"wp:attachment":[{"href":"https:\/\/www.alscher-bestattungen.de\/de\/wp-json\/wp\/v2\/media?parent=19"}],"curies":[{"name":"wp","href":"https:\/\/api.w.org\/{rel}","templated":true}]}}