{"id":138,"date":"2022-10-11T13:27:25","date_gmt":"2022-10-11T13:27:25","guid":{"rendered":"https:\/\/www.alscher-bestattungen.de\/?page_id=138"},"modified":"2023-10-17T14:17:18","modified_gmt":"2023-10-17T14:17:18","slug":"bestattungsvorsorge","status":"publish","type":"page","link":"https:\/\/www.alscher-bestattungen.de\/de\/organisieren-sie-eine-beerdigung\/bestattungsvorsorge\/","title":{"rendered":"Bestattungsvorsorge"},"content":{"rendered":"\n<div id=\"block-main-banner-block_60acf7ffff8c4ada7c02552844128601\" class=\"block-main-banner\">\n    <div class=\"container\">\n        <div class=\"banner-wrap layout2 content_right content_top\">\n            <div class=\"banner-image\">\n                                                            <img loading=\"lazy\" decoding=\"async\" width=\"731\" height=\"973\" src=\"https:\/\/shop.sereni.de\/app\/uploads\/sites\/10\/2023\/06\/Bestattungsvorsorge-aufschreiben.jpg\" class=\"attachment-full-stretched size-full-stretched\" alt=\"Bestattungsvorsorge\" srcset=\"https:\/\/shop.sereni.de\/app\/uploads\/sites\/10\/2023\/06\/Bestattungsvorsorge-aufschreiben.jpg 731w, https:\/\/shop.sereni.de\/app\/uploads\/sites\/10\/2023\/06\/Bestattungsvorsorge-aufschreiben-225x300.jpg 225w, https:\/\/shop.sereni.de\/app\/uploads\/sites\/10\/2023\/06\/Bestattungsvorsorge-aufschreiben-451x600.jpg 451w\" sizes=\"auto, (max-width: 731px) 100vw, 731px\" title=\"Bestattungsvorsorge\" \/>                                                <\/div>\n\n                            <div class=\"banner-content\">\n                    <div class=\"inner\">\n                        <h3><span class=\"type-d\"><strong>BESTATTUNGSVORSORGE<\/strong><\/span><\/h3>\n<h3>Wir vertreten Ihre Interessen.<\/h3>\n<div class=\"ce_text mbk_colcount_2\">\n<p><span class=\"type-j\"><strong>Ein selbstbestimmtes Leben \u00fcber den Tod hinaus<\/strong>? Vielen Menschen gibt es einfach ein gutes Gef\u00fchl zu wissen, dass ihre Angeh\u00f6rigen ihnen dereinst einen w\u00fcrdigen Abschied bereiten und dabei ihre zu Lebzeiten ge\u00e4u\u00dferten W\u00fcnsche ber\u00fccksichtigen. Dabei kann es um die gew\u00fcnschte Bestattungsart gehen, um die Wahl einer Grabst\u00e4tte oder um Fragen zur Gestaltung der Trauerfeier. <\/span><\/p>\n<p><span class=\"type-j\">Eine <strong>gro\u00dfe Entlastung<\/strong> ist die schriftliche Fixierung solcher W\u00fcnsche auch f\u00fcr die Angeh\u00f6rigen, die oft unsicher sind, wie sie den <strong>Vorstellungen des Verstorbenen<\/strong> am besten entsprechen k\u00f6nnen.<\/span><\/p>\n<p><span class=\"type-j\">In einem pers\u00f6nlichen <strong>Beratungsgespr\u00e4ch<\/strong> k\u00f6nnen wir gerne die Modalit\u00e4ten f\u00fcr einen m\u00f6glichen Abschluss eines Bestattungsvorsorgevertrags besprechen.<br \/>\nSie k\u00f6nnen ihn mit einer <strong>Einmalzahlung auf ein Treuhandkonto<\/strong> oder einer <strong>regelm\u00e4\u00dfigen oder einmaligen Zahlung in eine Sterbegeldversicherung<\/strong> kombinieren.<\/span><\/p>\n<p><a class=\"btn btn-primary\" href=\"https:\/\/www.alscher-bestattungen.de\/de\/kontakt\/\">Kontaktieren Sie uns hierzu gerne<\/a><\/p>\n<\/div>\n                    <\/div>\n                <\/div>\n                    <\/div>\n    <\/div>\n<\/div>\n\n\n<div id=\"block-variable-content-list-block_84341a60bfbb6186af7e9d7e060c47eb\" class=\"block-variable-content-list alt_1\">\n    <div class=\"container\">\n        <div class=\"widget-wrap per_row_2\">\n                        <div class=\"block-content\">\n                                                                                    <div class=\"element\">\n                                                            \n                                \n                                                                    <div class=\"content-wrap\">\n                                        <h2><strong>Finanziell abgesichert<\/strong><\/h2>\n<div class=\"ce_text mbk_colcount_2\">\n<p><span class=\"type-j\">Mit einer <strong>Sterbegeldversicherung<\/strong> oder einem <strong>Treuhandkonto<\/strong> haben Sie zwei M\u00f6glichkeiten, einen solchen <strong>Bestattungsvorsorgevertrag<\/strong> finanziell abzusichern. <\/span><\/p>\n<p><span class=\"type-j\">Sie sind damit auch besser gesch\u00fctzt, wenn Sie Sozialleistungen beziehen oder Ihre Ersparnisse f\u00fcr Pflegeleistungen ben\u00f6tigt werden. Auch hier beraten wir Sie ausf\u00fchrlich, damit Sie die f\u00fcr Sie richtigen Entscheidungen treffen k\u00f6nnen.<\/span><\/p>\n<p><span class=\"type-j\">Weitere Informationen erhalten Sie beim<br \/>\n<strong style=\"letter-spacing: 0px\"><a href=\"http:\/\/url.bestatterwebtool.de\/bdbkuratorium\" target=\"_blank\" rel=\"noopener\">Kuratorium Deutsche Bestattungskultur<\/a><\/strong><span style=\"letter-spacing: 0px\">\u00a0<\/span>sowie bei der<br \/>\n<strong><a href=\"http:\/\/url.bestatterwebtool.de\/bdbtreuhand\" target=\"_blank\" rel=\"noopener\">Deutschen Bestattungsvorsorge Treuhand AG<\/a> <\/strong><\/span><span class=\"type-j\">oder <\/span><\/p>\n<p><span class=\"type-j\"><strong><a class=\"btn btn-primary btn-secondary\" href=\"https:\/\/www.alscher-bestattungen.de\/de\/kontakt\/\">direkt bei uns.<\/a><\/strong><\/span><\/p>\n<\/div>\n                                    <\/div>\n                                                                                    <\/div>\n                                                                    <div class=\"element\">\n                                                            \n                                                                    <div class=\"image-wrap\">\n                                                                                    <img loading=\"lazy\" decoding=\"async\" width=\"562\" height=\"608\" src=\"https:\/\/shop.sereni.de\/app\/uploads\/sites\/10\/2023\/06\/Familie-steht-am-Meer-umarmt.jpg\" class=\"attachment-large size-large\" alt=\"Bestattungsvorsorge\" srcset=\"https:\/\/shop.sereni.de\/app\/uploads\/sites\/10\/2023\/06\/Familie-steht-am-Meer-umarmt.jpg 562w, https:\/\/shop.sereni.de\/app\/uploads\/sites\/10\/2023\/06\/Familie-steht-am-Meer-umarmt-277x300.jpg 277w, https:\/\/shop.sereni.de\/app\/uploads\/sites\/10\/2023\/06\/Familie-steht-am-Meer-umarmt-555x600.jpg 555w\" sizes=\"auto, (max-width: 562px) 100vw, 562px\" title=\"Bestattungsvorsorge\" \/>                                                                            <\/div>\n                                \n                                                                                    <\/div>\n                                                <\/div>\n        <\/div>\n    <\/div>\n<\/div>\n","protected":false},"excerpt":{"rendered":"","protected":false},"author":1,"featured_media":0,"parent":108,"menu_order":0,"comment_status":"closed","ping_status":"closed","template":"","meta":{"_acf_changed":false,"footnotes":""},"class_list":["post-138","page","type-page","status-publish","hentry"],"acf":[],"yoast_head":"<!-- This site is optimized with the Yoast SEO plugin v25.8 - https:\/\/yoast.com\/wordpress\/plugins\/seo\/ -->\n<title>Bestattungsvorsorge - Alscher Bestattungen<\/title>\n<meta name=\"description\" content=\"Vielen Menschen gibt es einfach ein gutes Gef\u00fchl zu wissen, dass ihre Angeh\u00f6rigen ihnen dereinst einen w\u00fcrdigen Abschied bereiten und dabei ihre zu Lebzeiten ge\u00e4u\u00dferten W\u00fcnsche ber\u00fccksichtigen.\" \/>\n<meta name=\"robots\" content=\"index, follow, max-snippet:-1, max-image-preview:large, max-video-preview:-1\" \/>\n<link rel=\"canonical\" href=\"https:\/\/www.alscher-bestattungen.de\/de\/organisieren-sie-eine-beerdigung\/bestattungsvorsorge\/\" \/>\n<meta property=\"og:locale\" content=\"de_DE\" \/>\n<meta property=\"og:type\" content=\"article\" \/>\n<meta property=\"og:title\" content=\"Bestattungsvorsorge - Alscher Bestattungen\" \/>\n<meta property=\"og:description\" content=\"Vielen Menschen gibt es einfach ein gutes Gef\u00fchl zu wissen, dass ihre Angeh\u00f6rigen ihnen dereinst einen w\u00fcrdigen Abschied bereiten und dabei ihre zu Lebzeiten ge\u00e4u\u00dferten W\u00fcnsche ber\u00fccksichtigen.\" \/>\n<meta property=\"og:url\" content=\"https:\/\/www.alscher-bestattungen.de\/de\/organisieren-sie-eine-beerdigung\/bestattungsvorsorge\/\" \/>\n<meta property=\"og:site_name\" content=\"Alscher Bestattungen\" \/>\n<meta property=\"article:modified_time\" content=\"2023-10-17T14:17:18+00:00\" \/>\n<meta name=\"twitter:card\" content=\"summary_large_image\" \/>\n<script type=\"application\/ld+json\" class=\"yoast-schema-graph\">{\"@context\":\"https:\/\/schema.org\",\"@graph\":[{\"@type\":\"WebPage\",\"@id\":\"https:\/\/www.alscher-bestattungen.de\/de\/organisieren-sie-eine-beerdigung\/bestattungsvorsorge\/\",\"url\":\"https:\/\/www.alscher-bestattungen.de\/de\/organisieren-sie-eine-beerdigung\/bestattungsvorsorge\/\",\"name\":\"Bestattungsvorsorge - Alscher Bestattungen\",\"isPartOf\":{\"@id\":\"https:\/\/www.alscher-bestattungen.de\/de\/#website\"},\"datePublished\":\"2022-10-11T13:27:25+00:00\",\"dateModified\":\"2023-10-17T14:17:18+00:00\",\"description\":\"Vielen Menschen gibt es einfach ein gutes Gef\u00fchl zu wissen, dass ihre Angeh\u00f6rigen ihnen dereinst einen w\u00fcrdigen Abschied bereiten und dabei ihre zu Lebzeiten ge\u00e4u\u00dferten W\u00fcnsche ber\u00fccksichtigen.\",\"breadcrumb\":{\"@id\":\"https:\/\/www.alscher-bestattungen.de\/de\/organisieren-sie-eine-beerdigung\/bestattungsvorsorge\/#breadcrumb\"},\"inLanguage\":\"de-DE\",\"potentialAction\":[{\"@type\":\"ReadAction\",\"target\":[\"https:\/\/www.alscher-bestattungen.de\/de\/organisieren-sie-eine-beerdigung\/bestattungsvorsorge\/\"]}]},{\"@type\":\"BreadcrumbList\",\"@id\":\"https:\/\/www.alscher-bestattungen.de\/de\/organisieren-sie-eine-beerdigung\/bestattungsvorsorge\/#breadcrumb\",\"itemListElement\":[{\"@type\":\"ListItem\",\"position\":1,\"name\":\"Organisation einer Bestattung\",\"item\":\"https:\/\/www.alscher-bestattungen.de\/de\/organisieren-sie-eine-beerdigung\/\"},{\"@type\":\"ListItem\",\"position\":2,\"name\":\"Bestattungsvorsorge\"}]},{\"@type\":\"WebSite\",\"@id\":\"https:\/\/www.alscher-bestattungen.de\/de\/#website\",\"url\":\"https:\/\/www.alscher-bestattungen.de\/de\/\",\"name\":\"Alscher Bestattungen\",\"description\":\"Just another Sereni Sites site\",\"potentialAction\":[{\"@type\":\"SearchAction\",\"target\":{\"@type\":\"EntryPoint\",\"urlTemplate\":\"https:\/\/www.alscher-bestattungen.de\/de\/?s={search_term_string}\"},\"query-input\":{\"@type\":\"PropertyValueSpecification\",\"valueRequired\":true,\"valueName\":\"search_term_string\"}}],\"inLanguage\":\"de-DE\"}]}<\/script>\n<!-- \/ Yoast SEO plugin. -->","yoast_head_json":{"title":"Bestattungsvorsorge - Alscher Bestattungen","description":"Vielen Menschen gibt es einfach ein gutes Gef\u00fchl zu wissen, dass ihre Angeh\u00f6rigen ihnen dereinst einen w\u00fcrdigen Abschied bereiten und dabei ihre zu Lebzeiten ge\u00e4u\u00dferten W\u00fcnsche ber\u00fccksichtigen.","robots":{"index":"index","follow":"follow","max-snippet":"max-snippet:-1","max-image-preview":"max-image-preview:large","max-video-preview":"max-video-preview:-1"},"canonical":"https:\/\/www.alscher-bestattungen.de\/de\/organisieren-sie-eine-beerdigung\/bestattungsvorsorge\/","og_locale":"de_DE","og_type":"article","og_title":"Bestattungsvorsorge - Alscher Bestattungen","og_description":"Vielen Menschen gibt es einfach ein gutes Gef\u00fchl zu wissen, dass ihre Angeh\u00f6rigen ihnen dereinst einen w\u00fcrdigen Abschied bereiten und dabei ihre zu Lebzeiten ge\u00e4u\u00dferten W\u00fcnsche ber\u00fccksichtigen.","og_url":"https:\/\/www.alscher-bestattungen.de\/de\/organisieren-sie-eine-beerdigung\/bestattungsvorsorge\/","og_site_name":"Alscher Bestattungen","article_modified_time":"2023-10-17T14:17:18+00:00","twitter_card":"summary_large_image","schema":{"@context":"https:\/\/schema.org","@graph":[{"@type":"WebPage","@id":"https:\/\/www.alscher-bestattungen.de\/de\/organisieren-sie-eine-beerdigung\/bestattungsvorsorge\/","url":"https:\/\/www.alscher-bestattungen.de\/de\/organisieren-sie-eine-beerdigung\/bestattungsvorsorge\/","name":"Bestattungsvorsorge - Alscher Bestattungen","isPartOf":{"@id":"https:\/\/www.alscher-bestattungen.de\/de\/#website"},"datePublished":"2022-10-11T13:27:25+00:00","dateModified":"2023-10-17T14:17:18+00:00","description":"Vielen Menschen gibt es einfach ein gutes Gef\u00fchl zu wissen, dass ihre Angeh\u00f6rigen ihnen dereinst einen w\u00fcrdigen Abschied bereiten und dabei ihre zu Lebzeiten ge\u00e4u\u00dferten W\u00fcnsche ber\u00fccksichtigen.","breadcrumb":{"@id":"https:\/\/www.alscher-bestattungen.de\/de\/organisieren-sie-eine-beerdigung\/bestattungsvorsorge\/#breadcrumb"},"inLanguage":"de-DE","potentialAction":[{"@type":"ReadAction","target":["https:\/\/www.alscher-bestattungen.de\/de\/organisieren-sie-eine-beerdigung\/bestattungsvorsorge\/"]}]},{"@type":"BreadcrumbList","@id":"https:\/\/www.alscher-bestattungen.de\/de\/organisieren-sie-eine-beerdigung\/bestattungsvorsorge\/#breadcrumb","itemListElement":[{"@type":"ListItem","position":1,"name":"Organisation einer Bestattung","item":"https:\/\/www.alscher-bestattungen.de\/de\/organisieren-sie-eine-beerdigung\/"},{"@type":"ListItem","position":2,"name":"Bestattungsvorsorge"}]},{"@type":"WebSite","@id":"https:\/\/www.alscher-bestattungen.de\/de\/#website","url":"https:\/\/www.alscher-bestattungen.de\/de\/","name":"Alscher Bestattungen","description":"Just another Sereni Sites site","potentialAction":[{"@type":"SearchAction","target":{"@type":"EntryPoint","urlTemplate":"https:\/\/www.alscher-bestattungen.de\/de\/?s={search_term_string}"},"query-input":{"@type":"PropertyValueSpecification","valueRequired":true,"valueName":"search_term_string"}}],"inLanguage":"de-DE"}]}},"_links":{"self":[{"href":"https:\/\/www.alscher-bestattungen.de\/de\/wp-json\/wp\/v2\/pages\/138","targetHints":{"allow":["GET"]}}],"collection":[{"href":"https:\/\/www.alscher-bestattungen.de\/de\/wp-json\/wp\/v2\/pages"}],"about":[{"href":"https:\/\/www.alscher-bestattungen.de\/de\/wp-json\/wp\/v2\/types\/page"}],"author":[{"embeddable":true,"href":"https:\/\/www.alscher-bestattungen.de\/de\/wp-json\/wp\/v2\/users\/1"}],"replies":[{"embeddable":true,"href":"https:\/\/www.alscher-bestattungen.de\/de\/wp-json\/wp\/v2\/comments?post=138"}],"version-history":[{"count":62,"href":"https:\/\/www.alscher-bestattungen.de\/de\/wp-json\/wp\/v2\/pages\/138\/revisions"}],"predecessor-version":[{"id":2150,"href":"https:\/\/www.alscher-bestattungen.de\/de\/wp-json\/wp\/v2\/pages\/138\/revisions\/2150"}],"up":[{"embeddable":true,"href":"https:\/\/www.alscher-bestattungen.de\/de\/wp-json\/wp\/v2\/pages\/108"}],"wp:attachment":[{"href":"https:\/\/www.alscher-bestattungen.de\/de\/wp-json\/wp\/v2\/media?parent=138"}],"curies":[{"name":"wp","href":"https:\/\/api.w.org\/{rel}","templated":true}]}}