{"id":1344,"date":"2022-12-21T06:43:03","date_gmt":"2022-12-21T06:43:03","guid":{"rendered":"https:\/\/www.alscher-bestattungen.de\/?page_id=1344"},"modified":"2023-10-17T13:35:14","modified_gmt":"2023-10-17T13:35:14","slug":"fragen-antworten","status":"publish","type":"page","link":"https:\/\/www.alscher-bestattungen.de\/de\/fragen-antworten\/","title":{"rendered":"Fragen &amp; Antworten"},"content":{"rendered":"\n<h4 class=\"wp-block-heading normal\">Erste Orientierungshilfen f\u00fcr Sie.<\/h4>\n\n\n\n<figure class=\"wp-block-image size-large is-resized\"><img loading=\"lazy\" decoding=\"async\" src=\"https:\/\/shop.sereni.de\/app\/uploads\/sites\/10\/2023\/03\/CMS_0815-\u00a9SERENI-KatrinSchoene-1-1024x679.jpg\" alt=\"\" class=\"wp-image-1615\" width=\"1409\" height=\"934\" srcset=\"https:\/\/shop.sereni.de\/app\/uploads\/sites\/10\/2023\/03\/CMS_0815-\u00a9SERENI-KatrinSchoene-1-1024x679.jpg 1024w, https:\/\/shop.sereni.de\/app\/uploads\/sites\/10\/2023\/03\/CMS_0815-\u00a9SERENI-KatrinSchoene-1-300x199.jpg 300w, https:\/\/shop.sereni.de\/app\/uploads\/sites\/10\/2023\/03\/CMS_0815-\u00a9SERENI-KatrinSchoene-1-452x300.jpg 452w, https:\/\/shop.sereni.de\/app\/uploads\/sites\/10\/2023\/03\/CMS_0815-\u00a9SERENI-KatrinSchoene-1-1300x862.jpg 1300w, https:\/\/shop.sereni.de\/app\/uploads\/sites\/10\/2023\/03\/CMS_0815-\u00a9SERENI-KatrinSchoene-1-1440x955.jpg 1440w, https:\/\/shop.sereni.de\/app\/uploads\/sites\/10\/2023\/03\/CMS_0815-\u00a9SERENI-KatrinSchoene-1-600x398.jpg 600w, https:\/\/shop.sereni.de\/app\/uploads\/sites\/10\/2023\/03\/CMS_0815-\u00a9SERENI-KatrinSchoene-1.jpg 1800w\" sizes=\"auto, (max-width: 1409px) 100vw, 1409px\" \/><\/figure>\n\n\n\n<div class=\"wp-block-columns is-layout-flex wp-container-core-columns-is-layout-9d6595d7 wp-block-columns-is-layout-flex\">\n<div class=\"wp-block-column is-layout-flow wp-block-column-is-layout-flow\">\n<p class=\"normal\">Rund um einen Trauerfall, rund um die Planung einer Beerdigung f\u00fchlen sich die meisten Menschen verunsichert und stellen sich viele Fragen. Auf einige besonders h\u00e4ufig gestellte Fragen zum Thema Bestattung geben wir Ihnen an dieser Stelle erste Antworten. Weiterf\u00fchrende Informationen und<\/p>\n<\/div>\n\n\n\n<div class=\"wp-block-column is-layout-flow wp-block-column-is-layout-flow\">\n<p class=\"normal\">Hilfestellungen, die Ihre ganz konkrete Situation betreffen, geben wir Ihnen gerne im pers\u00f6nlichen Gespr\u00e4ch.&nbsp;<a href=\"https:\/\/www.alscher-bestattungen.de\/de\/kontakt\/\">Schreiben Sie uns gerne eine Nachricht<\/a>&nbsp;oder rufen Sie uns an:&nbsp;<strong>040 \/ 70 20 00 43<\/strong><\/p>\n<\/div>\n<\/div>\n\n\n<div id=\"block-faq-block_11b6b9a99c5120e1789cb03f8954e3df\" class=\"block-faq\">\n        <\/div>\n\n\n<div id=\"block-faq-block_77c5efbd33c0d22649af7c7734b2a2e7\" class=\"block-faq\">\n        <\/div>\n\n\n<div id=\"block-faq-block_31adb824abe6ae52cd97892e7e56994a\" class=\"block-faq\">\n        <\/div>\n\n\n<div id=\"block-faq-block_e37dda3c71b7be9d93a954707ee5aded\" class=\"block-faq\">\n        <\/div>\n\n\n<div id=\"block-faq-block_36b622f91a8278152e7db46f6664c14a\" class=\"block-faq\">\n        <\/div>\n\n\n<div id=\"block-faq-block_5a9f6eee6e8c661992b0bd6265d75a5c\" class=\"block-faq\">\n        <\/div>\n\n\n<div id=\"block-faq-block_b724455895c8c4b16d07cc48102f9bc7\" class=\"block-faq\">\n        <\/div>\n","protected":false},"excerpt":{"rendered":"<p>Erste Orientierungshilfen f\u00fcr Sie. Rund um einen Trauerfall, rund um die Planung einer Beerdigung f\u00fchlen sich die meisten Menschen verunsichert<\/p>\n","protected":false},"author":1,"featured_media":0,"parent":0,"menu_order":0,"comment_status":"closed","ping_status":"closed","template":"","meta":{"_acf_changed":false,"footnotes":""},"class_list":["post-1344","page","type-page","status-publish","hentry"],"acf":[],"yoast_head":"<!-- This site is optimized with the Yoast SEO plugin v25.8 - https:\/\/yoast.com\/wordpress\/plugins\/seo\/ -->\n<title>Fragen &amp; Antworten - Alscher Bestattungen<\/title>\n<meta name=\"description\" content=\"Weiterf\u00fchrende Informationen und Hilfestellungen, die Ihre ganz konkrete Situation betreffen, geben wir Ihnen gerne im pers\u00f6nlichen Gespr\u00e4ch. Schreiben Sie uns gerne eine Nachricht oder rufen Sie uns an: 040 \/ 70 20 00 43\" \/>\n<meta name=\"robots\" content=\"index, follow, max-snippet:-1, max-image-preview:large, max-video-preview:-1\" \/>\n<link rel=\"canonical\" href=\"https:\/\/www.alscher-bestattungen.de\/de\/fragen-antworten\/\" \/>\n<meta property=\"og:locale\" content=\"de_DE\" \/>\n<meta property=\"og:type\" content=\"article\" \/>\n<meta property=\"og:title\" content=\"Fragen &amp; Antworten - Alscher Bestattungen\" \/>\n<meta property=\"og:description\" content=\"Weiterf\u00fchrende Informationen und Hilfestellungen, die Ihre ganz konkrete Situation betreffen, geben wir Ihnen gerne im pers\u00f6nlichen Gespr\u00e4ch. Schreiben Sie uns gerne eine Nachricht oder rufen Sie uns an: 040 \/ 70 20 00 43\" \/>\n<meta property=\"og:url\" content=\"https:\/\/www.alscher-bestattungen.de\/de\/fragen-antworten\/\" \/>\n<meta property=\"og:site_name\" content=\"Alscher Bestattungen\" \/>\n<meta property=\"article:modified_time\" content=\"2023-10-17T13:35:14+00:00\" \/>\n<meta name=\"twitter:card\" content=\"summary_large_image\" \/>\n<meta name=\"twitter:label1\" content=\"Est. reading time\" \/>\n\t<meta name=\"twitter:data1\" content=\"1 minute\" \/>\n<script type=\"application\/ld+json\" class=\"yoast-schema-graph\">{\"@context\":\"https:\/\/schema.org\",\"@graph\":[{\"@type\":\"WebPage\",\"@id\":\"https:\/\/www.alscher-bestattungen.de\/de\/fragen-antworten\/\",\"url\":\"https:\/\/www.alscher-bestattungen.de\/de\/fragen-antworten\/\",\"name\":\"Fragen &amp; Antworten - Alscher Bestattungen\",\"isPartOf\":{\"@id\":\"https:\/\/www.alscher-bestattungen.de\/de\/#website\"},\"datePublished\":\"2022-12-21T06:43:03+00:00\",\"dateModified\":\"2023-10-17T13:35:14+00:00\",\"description\":\"Weiterf\u00fchrende Informationen und Hilfestellungen, die Ihre ganz konkrete Situation betreffen, geben wir Ihnen gerne im pers\u00f6nlichen Gespr\u00e4ch. Schreiben Sie uns gerne eine Nachricht oder rufen Sie uns an: 040 \/ 70 20 00 43\",\"inLanguage\":\"de-DE\",\"potentialAction\":[{\"@type\":\"ReadAction\",\"target\":[\"https:\/\/www.alscher-bestattungen.de\/de\/fragen-antworten\/\"]}]},{\"@type\":\"WebSite\",\"@id\":\"https:\/\/www.alscher-bestattungen.de\/de\/#website\",\"url\":\"https:\/\/www.alscher-bestattungen.de\/de\/\",\"name\":\"Alscher Bestattungen\",\"description\":\"Just another Sereni Sites site\",\"potentialAction\":[{\"@type\":\"SearchAction\",\"target\":{\"@type\":\"EntryPoint\",\"urlTemplate\":\"https:\/\/www.alscher-bestattungen.de\/de\/?s={search_term_string}\"},\"query-input\":{\"@type\":\"PropertyValueSpecification\",\"valueRequired\":true,\"valueName\":\"search_term_string\"}}],\"inLanguage\":\"de-DE\"}]}<\/script>\n<!-- \/ Yoast SEO plugin. -->","yoast_head_json":{"title":"Fragen &amp; Antworten - Alscher Bestattungen","description":"Weiterf\u00fchrende Informationen und Hilfestellungen, die Ihre ganz konkrete Situation betreffen, geben wir Ihnen gerne im pers\u00f6nlichen Gespr\u00e4ch. Schreiben Sie uns gerne eine Nachricht oder rufen Sie uns an: 040 \/ 70 20 00 43","robots":{"index":"index","follow":"follow","max-snippet":"max-snippet:-1","max-image-preview":"max-image-preview:large","max-video-preview":"max-video-preview:-1"},"canonical":"https:\/\/www.alscher-bestattungen.de\/de\/fragen-antworten\/","og_locale":"de_DE","og_type":"article","og_title":"Fragen &amp; Antworten - Alscher Bestattungen","og_description":"Weiterf\u00fchrende Informationen und Hilfestellungen, die Ihre ganz konkrete Situation betreffen, geben wir Ihnen gerne im pers\u00f6nlichen Gespr\u00e4ch. Schreiben Sie uns gerne eine Nachricht oder rufen Sie uns an: 040 \/ 70 20 00 43","og_url":"https:\/\/www.alscher-bestattungen.de\/de\/fragen-antworten\/","og_site_name":"Alscher Bestattungen","article_modified_time":"2023-10-17T13:35:14+00:00","twitter_card":"summary_large_image","twitter_misc":{"Est. reading time":"1 minute"},"schema":{"@context":"https:\/\/schema.org","@graph":[{"@type":"WebPage","@id":"https:\/\/www.alscher-bestattungen.de\/de\/fragen-antworten\/","url":"https:\/\/www.alscher-bestattungen.de\/de\/fragen-antworten\/","name":"Fragen &amp; Antworten - Alscher Bestattungen","isPartOf":{"@id":"https:\/\/www.alscher-bestattungen.de\/de\/#website"},"datePublished":"2022-12-21T06:43:03+00:00","dateModified":"2023-10-17T13:35:14+00:00","description":"Weiterf\u00fchrende Informationen und Hilfestellungen, die Ihre ganz konkrete Situation betreffen, geben wir Ihnen gerne im pers\u00f6nlichen Gespr\u00e4ch. Schreiben Sie uns gerne eine Nachricht oder rufen Sie uns an: 040 \/ 70 20 00 43","inLanguage":"de-DE","potentialAction":[{"@type":"ReadAction","target":["https:\/\/www.alscher-bestattungen.de\/de\/fragen-antworten\/"]}]},{"@type":"WebSite","@id":"https:\/\/www.alscher-bestattungen.de\/de\/#website","url":"https:\/\/www.alscher-bestattungen.de\/de\/","name":"Alscher Bestattungen","description":"Just another Sereni Sites site","potentialAction":[{"@type":"SearchAction","target":{"@type":"EntryPoint","urlTemplate":"https:\/\/www.alscher-bestattungen.de\/de\/?s={search_term_string}"},"query-input":{"@type":"PropertyValueSpecification","valueRequired":true,"valueName":"search_term_string"}}],"inLanguage":"de-DE"}]}},"_links":{"self":[{"href":"https:\/\/www.alscher-bestattungen.de\/de\/wp-json\/wp\/v2\/pages\/1344","targetHints":{"allow":["GET"]}}],"collection":[{"href":"https:\/\/www.alscher-bestattungen.de\/de\/wp-json\/wp\/v2\/pages"}],"about":[{"href":"https:\/\/www.alscher-bestattungen.de\/de\/wp-json\/wp\/v2\/types\/page"}],"author":[{"embeddable":true,"href":"https:\/\/www.alscher-bestattungen.de\/de\/wp-json\/wp\/v2\/users\/1"}],"replies":[{"embeddable":true,"href":"https:\/\/www.alscher-bestattungen.de\/de\/wp-json\/wp\/v2\/comments?post=1344"}],"version-history":[{"count":33,"href":"https:\/\/www.alscher-bestattungen.de\/de\/wp-json\/wp\/v2\/pages\/1344\/revisions"}],"predecessor-version":[{"id":2132,"href":"https:\/\/www.alscher-bestattungen.de\/de\/wp-json\/wp\/v2\/pages\/1344\/revisions\/2132"}],"wp:attachment":[{"href":"https:\/\/www.alscher-bestattungen.de\/de\/wp-json\/wp\/v2\/media?parent=1344"}],"curies":[{"name":"wp","href":"https:\/\/api.w.org\/{rel}","templated":true}]}}