{"id":1306,"date":"2022-12-19T10:00:56","date_gmt":"2022-12-19T10:00:56","guid":{"rendered":"https:\/\/www.alscher-bestattungen.de\/?page_id=1306"},"modified":"2026-04-20T12:46:00","modified_gmt":"2026-04-20T12:46:00","slug":"impressum","status":"publish","type":"page","link":"https:\/\/www.alscher-bestattungen.de\/de\/impressum\/","title":{"rendered":"Impressum"},"content":{"rendered":"\n<p class=\"normal\">Angaben gem\u00e4\u00df \u00a7 5 DDG:<\/p>\n\n\n\n<p class=\"normal\"><strong>Alscher Bestattungen <\/strong><br>Cuxhavener Stra\u00dfe 307<br>21149 Hamburg<\/p>\n\n\n\n<p class=\"normal\">Eine Zweigniederlassung der<\/p>\n\n\n\n<p class=\"normal\"><strong>Sereni Bestattungen GmbH<\/strong><br>Kennedydamm 1<br>40476 D\u00fcsseldorf<\/p>\n\n\n\n<p class=\"normal\">Handelsregister: HRB 110250<br>Registergericht: Amtsgericht D\u00fcsseldorf<br>Umsatzsteuer-ID: DE283203573<br>Gesch\u00e4ftsf\u00fchrer: David Thomas<br>Gesch\u00e4ftsleitung Zweigniederlassung: Cornelia Alscher<br>Prokura Zweigniederlassung: Cornelia Alscher, Bastian Schmitz<\/p>\n\n\n\n<p class=\"normal\"><\/p>\n\n\n\n<h3 class=\"wp-block-heading normal\">Kontakt:<\/h3>\n\n\n\n<p class=\"normal\">Telefon: 040 &#8211; 70 20 00 43<br>Telefax: 040 &#8211; 70 20 00 44<br>E-Mail:&nbsp;<a href=\"mailto:info@alscher-bestattungen.de\">info@alscher-bestattungen.de<\/a><\/p>\n\n\n\n<h3 class=\"wp-block-heading normal\"><\/h3>\n\n\n\n<h3 class=\"wp-block-heading normal\">Hinweis auf EU-Streitschlichtung<\/h3>\n\n\n\n<p class=\"normal\">Zur au\u00dfergerichtlichen Beilegung von verbraucherrechtlichen Streitigkeiten hat die Europ\u00e4ische Union eine Online-Plattform (\u201eOS-Plattform\u201d) eingerichtet, an die Sie sich wenden k\u00f6nnen. Die Plattform finden Sie unter&nbsp;<a href=\"http:\/\/ec.europa.eu\/odr\" target=\"_blank\" rel=\"noreferrer noopener\">http:\/\/ec.europa.eu\/odr<\/a>. Unsere E-Mail-Adresse finden Sie oben im Impressum.<\/p>\n\n\n\n<p class=\"normal\"><strong>Hinweis auf Streitbeilegung vor Verbraucherschlichtungsstelle:<\/strong><\/p>\n\n\n\n<p class=\"normal\">Wir sind weder verpflichtet noch bereit, an einem Streitbeilegungsverfahren vor einer Verbraucherschlichtungsstelle nach dem Verbraucherstreitbeilegungsgesetz (VBSG) teilzunehmen.<\/p>\n\n\n\n<p class=\"has-medium-font-size normal\"><strong>Konzeption und Umsetzung&nbsp;<\/strong><\/p>\n\n\n\n<p class=\"normal\">Sereni Deutschland GmbH<br>Kennedydamm 1<br>40476 D\u00fcsseldorf<br>info@sereni.de<\/p>\n","protected":false},"excerpt":{"rendered":"<p>Angaben gem\u00e4\u00df \u00a7 5 DDG: Alscher Bestattungen Cuxhavener Stra\u00dfe 30721149 Hamburg Eine Zweigniederlassung der Sereni Bestattungen GmbHKennedydamm 140476 D\u00fcsseldorf Handelsregister:<\/p>\n","protected":false},"author":730,"featured_media":0,"parent":0,"menu_order":0,"comment_status":"closed","ping_status":"closed","template":"","meta":{"_acf_changed":false,"footnotes":""},"class_list":["post-1306","page","type-page","status-publish","hentry"],"acf":[],"yoast_head":"<!-- This site is optimized with the Yoast SEO plugin v25.8 - https:\/\/yoast.com\/wordpress\/plugins\/seo\/ -->\n<title>Impressum - Alscher Bestattungen<\/title>\n<meta name=\"robots\" content=\"index, follow, max-snippet:-1, max-image-preview:large, max-video-preview:-1\" \/>\n<link rel=\"canonical\" href=\"https:\/\/www.alscher-bestattungen.de\/de\/impressum\/\" \/>\n<meta property=\"og:locale\" content=\"de_DE\" \/>\n<meta property=\"og:type\" content=\"article\" \/>\n<meta property=\"og:title\" content=\"Impressum - Alscher Bestattungen\" \/>\n<meta property=\"og:description\" content=\"Angaben gem\u00e4\u00df \u00a7 5 DDG: Alscher Bestattungen Cuxhavener Stra\u00dfe 30721149 Hamburg Eine Zweigniederlassung der Sereni Bestattungen GmbHKennedydamm 140476 D\u00fcsseldorf Handelsregister:\" \/>\n<meta property=\"og:url\" content=\"https:\/\/www.alscher-bestattungen.de\/de\/impressum\/\" \/>\n<meta property=\"og:site_name\" content=\"Alscher Bestattungen\" \/>\n<meta property=\"article:modified_time\" content=\"2026-04-20T12:46:00+00:00\" \/>\n<meta name=\"twitter:card\" content=\"summary_large_image\" \/>\n<meta name=\"twitter:label1\" content=\"Est. reading time\" \/>\n\t<meta name=\"twitter:data1\" content=\"1 minute\" \/>\n<script type=\"application\/ld+json\" class=\"yoast-schema-graph\">{\"@context\":\"https:\/\/schema.org\",\"@graph\":[{\"@type\":\"WebPage\",\"@id\":\"https:\/\/www.alscher-bestattungen.de\/de\/impressum\/\",\"url\":\"https:\/\/www.alscher-bestattungen.de\/de\/impressum\/\",\"name\":\"Impressum - Alscher Bestattungen\",\"isPartOf\":{\"@id\":\"https:\/\/www.alscher-bestattungen.de\/de\/#website\"},\"datePublished\":\"2022-12-19T10:00:56+00:00\",\"dateModified\":\"2026-04-20T12:46:00+00:00\",\"inLanguage\":\"de-DE\",\"potentialAction\":[{\"@type\":\"ReadAction\",\"target\":[\"https:\/\/www.alscher-bestattungen.de\/de\/impressum\/\"]}]},{\"@type\":\"WebSite\",\"@id\":\"https:\/\/www.alscher-bestattungen.de\/de\/#website\",\"url\":\"https:\/\/www.alscher-bestattungen.de\/de\/\",\"name\":\"Alscher Bestattungen\",\"description\":\"Just another Sereni Sites site\",\"potentialAction\":[{\"@type\":\"SearchAction\",\"target\":{\"@type\":\"EntryPoint\",\"urlTemplate\":\"https:\/\/www.alscher-bestattungen.de\/de\/?s={search_term_string}\"},\"query-input\":{\"@type\":\"PropertyValueSpecification\",\"valueRequired\":true,\"valueName\":\"search_term_string\"}}],\"inLanguage\":\"de-DE\"}]}<\/script>\n<!-- \/ Yoast SEO plugin. -->","yoast_head_json":{"title":"Impressum - Alscher Bestattungen","robots":{"index":"index","follow":"follow","max-snippet":"max-snippet:-1","max-image-preview":"max-image-preview:large","max-video-preview":"max-video-preview:-1"},"canonical":"https:\/\/www.alscher-bestattungen.de\/de\/impressum\/","og_locale":"de_DE","og_type":"article","og_title":"Impressum - Alscher Bestattungen","og_description":"Angaben gem\u00e4\u00df \u00a7 5 DDG: Alscher Bestattungen Cuxhavener Stra\u00dfe 30721149 Hamburg Eine Zweigniederlassung der Sereni Bestattungen GmbHKennedydamm 140476 D\u00fcsseldorf Handelsregister:","og_url":"https:\/\/www.alscher-bestattungen.de\/de\/impressum\/","og_site_name":"Alscher Bestattungen","article_modified_time":"2026-04-20T12:46:00+00:00","twitter_card":"summary_large_image","twitter_misc":{"Est. reading time":"1 minute"},"schema":{"@context":"https:\/\/schema.org","@graph":[{"@type":"WebPage","@id":"https:\/\/www.alscher-bestattungen.de\/de\/impressum\/","url":"https:\/\/www.alscher-bestattungen.de\/de\/impressum\/","name":"Impressum - Alscher Bestattungen","isPartOf":{"@id":"https:\/\/www.alscher-bestattungen.de\/de\/#website"},"datePublished":"2022-12-19T10:00:56+00:00","dateModified":"2026-04-20T12:46:00+00:00","inLanguage":"de-DE","potentialAction":[{"@type":"ReadAction","target":["https:\/\/www.alscher-bestattungen.de\/de\/impressum\/"]}]},{"@type":"WebSite","@id":"https:\/\/www.alscher-bestattungen.de\/de\/#website","url":"https:\/\/www.alscher-bestattungen.de\/de\/","name":"Alscher Bestattungen","description":"Just another Sereni Sites site","potentialAction":[{"@type":"SearchAction","target":{"@type":"EntryPoint","urlTemplate":"https:\/\/www.alscher-bestattungen.de\/de\/?s={search_term_string}"},"query-input":{"@type":"PropertyValueSpecification","valueRequired":true,"valueName":"search_term_string"}}],"inLanguage":"de-DE"}]}},"_links":{"self":[{"href":"https:\/\/www.alscher-bestattungen.de\/de\/wp-json\/wp\/v2\/pages\/1306","targetHints":{"allow":["GET"]}}],"collection":[{"href":"https:\/\/www.alscher-bestattungen.de\/de\/wp-json\/wp\/v2\/pages"}],"about":[{"href":"https:\/\/www.alscher-bestattungen.de\/de\/wp-json\/wp\/v2\/types\/page"}],"author":[{"embeddable":true,"href":"https:\/\/www.alscher-bestattungen.de\/de\/wp-json\/wp\/v2\/users\/730"}],"replies":[{"embeddable":true,"href":"https:\/\/www.alscher-bestattungen.de\/de\/wp-json\/wp\/v2\/comments?post=1306"}],"version-history":[{"count":25,"href":"https:\/\/www.alscher-bestattungen.de\/de\/wp-json\/wp\/v2\/pages\/1306\/revisions"}],"predecessor-version":[{"id":2205,"href":"https:\/\/www.alscher-bestattungen.de\/de\/wp-json\/wp\/v2\/pages\/1306\/revisions\/2205"}],"wp:attachment":[{"href":"https:\/\/www.alscher-bestattungen.de\/de\/wp-json\/wp\/v2\/media?parent=1306"}],"curies":[{"name":"wp","href":"https:\/\/api.w.org\/{rel}","templated":true}]}}