{"id":130,"date":"2022-10-11T13:24:54","date_gmt":"2022-10-11T13:24:54","guid":{"rendered":"https:\/\/www.alscher-bestattungen.de\/?page_id=130"},"modified":"2023-10-17T13:36:18","modified_gmt":"2023-10-17T13:36:18","slug":"administrative-unterstuetzung","status":"publish","type":"page","link":"https:\/\/www.alscher-bestattungen.de\/de\/organisieren-sie-eine-beerdigung\/administrative-unterstuetzung\/","title":{"rendered":"Unterst\u00fctzung durch Ihren Bestatter"},"content":{"rendered":"\n<div id=\"block-main-banner-block_9de2d55d30126ee28f538bb6d5ee00e2\" class=\"block-main-banner\">\n    <div class=\"container\">\n        <div class=\"banner-wrap layout2 content_left content_top\">\n            <div class=\"banner-image\">\n                                                            <img loading=\"lazy\" decoding=\"async\" width=\"868\" height=\"958\" src=\"https:\/\/shop.sereni.de\/app\/uploads\/sites\/10\/2023\/06\/Dokumente-ausfuellen.jpg\" class=\"attachment-full-stretched size-full-stretched\" alt=\"Unterst\u00fctzung durch Ihren Bestatter\" srcset=\"https:\/\/shop.sereni.de\/app\/uploads\/sites\/10\/2023\/06\/Dokumente-ausfuellen.jpg 868w, https:\/\/shop.sereni.de\/app\/uploads\/sites\/10\/2023\/06\/Dokumente-ausfuellen-272x300.jpg 272w, https:\/\/shop.sereni.de\/app\/uploads\/sites\/10\/2023\/06\/Dokumente-ausfuellen-544x600.jpg 544w\" sizes=\"auto, (max-width: 868px) 100vw, 868px\" title=\"Unterst\u00fctzung durch Ihren Bestatter\" \/>                                                <\/div>\n\n                            <div class=\"banner-content\">\n                    <div class=\"inner\">\n                        <h2><strong>Administrative Unterst\u00fctzung<\/strong><\/h2>\n<p>Wir entlasten Sie auf Wunsch bei allen Formalit\u00e4ten:<\/p>\n<div class=\"sidelist\">\n<ul>\n<li>Beschaffung der Sterbeurkunde und anderer wichtiger Dokumente<\/li>\n<li>Absprachen mit Friedhofsverwaltungen und Pfarr\u00e4mtern<\/li>\n<li>Planung, Organisation und Durchf\u00fchrung der Trauerfeier inklusive Terminfestlegung bei Stadt oder Kirche<\/li>\n<li>Gestaltung von Trauerkarten und Anzeigen<\/li>\n<li>Antragstellungen bei \u00c4mtern, Rentenkasse, Krankenkasse und Versicherungen<\/li>\n<li>K\u00fcndigung laufender Mitgliedschaften und Vertr\u00e4ge<\/li>\n<\/ul>\n<h4><strong><span style=\"color: #000000\"><a class=\"btn btn-secondary\" style=\"color: #000000\" href=\"https:\/\/www.alscher-bestattungen.de\/de\/kontakt\/\">Kontaktieren Sie uns<\/a><\/span><\/strong><\/h4>\n<div>\n<div><\/div>\n<\/div>\n<\/div>\n                    <\/div>\n                <\/div>\n                    <\/div>\n    <\/div>\n<\/div>\n\n\n<div id=\"block-masonry-block_40a33f1b25ccb22987b994f752677403\" class=\"block-masonry\">\n    <div class=\"container\">\n        <div class=\"widget-wrap\">\n                                                \n                    <div class=\"element\">\n                        \n                                                    <div class=\"content-wrap\">\n                                <h3 style=\"text-align: center\"><strong>\u00dcberf\u00fchrung &amp; Versorgung<\/strong><\/h3>\n<h3 style=\"text-align: center\">Behutsame Vorbereitung auf die letzte Reise.<\/h3>\n<p style=\"text-align: center\">Wenn Sie es w\u00fcnschen, k\u00fcmmern wir uns um die \u00dcberf\u00fchrung des Verstorbenen von seinem Sterbeort oder an den gew\u00fcnschten Bestattungsort im In- oder Ausland. Je nach Entfernung erfolgt die \u00dcberf\u00fchrung mit dem Bestattungswagen oder dem Flugzeug. In unseren R\u00e4umlichkeiten in Hamburg k\u00fcmmern wir uns behutsam und liebevoll um die optimale Versorgung des Verstorbenen.<\/p>\n<p style=\"text-align: center\">Auf Wunsch erm\u00f6glichen wir es Angeh\u00f6rigen, selbst beim Waschen und Ankleiden des Verstorbenen mitzuhelfen.<\/p>\n                            <\/div>\n                                            <\/div>\n                                    \n                    <div class=\"element\">\n                        \n                                                    <div class=\"content-wrap\">\n                                <h3 style=\"text-align: center\"><strong>Organisation der Trauerfeier<\/strong><\/h3>\n<h3 style=\"text-align: center\">Stimmungsvoll das vergangene Leben ehren.<\/h3>\n<p style=\"text-align: center\">Sprechen Sie mit uns \u00fcber Ihre Ideen f\u00fcr eine w\u00fcrdevolle Feierlichkeit, die Ihren Vorstellungen entspricht und die Pers\u00f6nlichkeit des Verstorbenen ehrt. Alles Organisatorische von der Planung bis zur Durchf\u00fchrung der Trauerfeier \u00fcbernehmen wir, soweit Sie es w\u00fcnschen. Auch mit der Kirchengemeinde des Verstorbenen nehmen wir Kontakt auf.<\/p>\n<p style=\"text-align: center\">F\u00fcr Blumenschmuck, musikalische Begleitung, Trauerrede und Trauercaf\u00e9 vermitteln wir Ihnen gerne erfahrene Ansprechpartner, mit denen wir seit Jahren vertrauensvoll zusammenarbeiten.<\/p>\n                            <\/div>\n                                            <\/div>\n                                    \n                    <div class=\"element\">\n                        \n                                                    <div class=\"content-wrap\">\n                                <h3 style=\"text-align: center\"><strong>Professioneller Trauerdruck<\/strong><\/h3>\n<h3 style=\"text-align: center\">Stilvolle Benachrichtigung als Erinnerungsst\u00fcck.<\/h3>\n<p style=\"text-align: center\">Wir bieten Ihnen eine gro\u00dfe Auswahl professionell erstellter Gestaltungsvorlagen f\u00fcr Trauerkarten, Anzeigen und Danksagungen. Sie w\u00e4hlen aus, was Ihnen gef\u00e4llt, und haben dar\u00fcber hinaus die M\u00f6glichkeit, eigene Bilder oder Zitate einzubringen.<\/p>\n<p style=\"text-align: center\">Alle Drucksachen werden dann z\u00fcgig in hoher Qualit\u00e4t produziert und stehen auf Wunsch auch zur Online-Ver\u00f6ffentlichung zur Verf\u00fcgung.<\/p>\n                            <\/div>\n                                            <\/div>\n                                    \n                    <div class=\"element\">\n                        \n                                                    <div class=\"content-wrap\">\n                                <h3 style=\"text-align: center\"><strong>Trauerbegleitung<\/p>\n<p><\/strong><\/h3>\n<h3 style=\"text-align: center\">Wir lassen Sie nicht allein.<\/h3>\n<p style=\"text-align: center\">Trauerbew\u00e4ltigung braucht Zeit, braucht viele intensive Gespr\u00e4che. Meist findet der Prozess im eigenen Familien- und Freundeskreis statt. Wenn Sie das Gef\u00fchl haben, dass Sie dieser Weg nicht ins Ziel f\u00fchrt, und Sie gerne Hilfe von Au\u00dfenstehenden in Anspruch nehmen m\u00f6chten, z\u00f6gern Sie bitte nicht, uns anzusprechen.<\/p>\n<p style=\"text-align: center\">In Gedanken und an bestimmten Orten bleiben die Verstorbenen f\u00fcr uns lebendig. Dabei helfen auch besondere Erinnerungsst\u00fccke: Das kann ein Schmuckst\u00fcck mit Fingerprint sein, eine Totenmaske, ein Aschediamant oder auch nur ein Fotoalbum oder eine Videoaufnahme der Trauerfeier. All diese Dinge machen wir f\u00fcr Sie m\u00f6glich.<\/p>\n                            <\/div>\n                                            <\/div>\n                                    <\/div>\n    <\/div>\n<\/div>\n","protected":false},"excerpt":{"rendered":"","protected":false},"author":1,"featured_media":0,"parent":108,"menu_order":0,"comment_status":"closed","ping_status":"closed","template":"","meta":{"_acf_changed":false,"footnotes":""},"class_list":["post-130","page","type-page","status-publish","hentry"],"acf":[],"yoast_head":"<!-- This site is optimized with the Yoast SEO plugin v25.8 - https:\/\/yoast.com\/wordpress\/plugins\/seo\/ -->\n<title>Unterst\u00fctzung durch Ihren Bestatter - Alscher Bestattungen<\/title>\n<meta name=\"description\" content=\"Wir entlasten Sie auf Wunsch bei allen Formalit\u00e4ten: Beschaffung der Sterbeurkunde und anderer wichtiger Dokumente.\" \/>\n<meta name=\"robots\" content=\"index, follow, max-snippet:-1, max-image-preview:large, max-video-preview:-1\" \/>\n<link rel=\"canonical\" href=\"https:\/\/www.alscher-bestattungen.de\/de\/organisieren-sie-eine-beerdigung\/administrative-unterstuetzung\/\" \/>\n<meta property=\"og:locale\" content=\"de_DE\" \/>\n<meta property=\"og:type\" content=\"article\" \/>\n<meta property=\"og:title\" content=\"Unterst\u00fctzung durch Ihren Bestatter - Alscher Bestattungen\" \/>\n<meta property=\"og:description\" content=\"Wir entlasten Sie auf Wunsch bei allen Formalit\u00e4ten: Beschaffung der Sterbeurkunde und anderer wichtiger Dokumente.\" \/>\n<meta property=\"og:url\" content=\"https:\/\/www.alscher-bestattungen.de\/de\/organisieren-sie-eine-beerdigung\/administrative-unterstuetzung\/\" \/>\n<meta property=\"og:site_name\" content=\"Alscher Bestattungen\" \/>\n<meta property=\"article:modified_time\" content=\"2023-10-17T13:36:18+00:00\" \/>\n<meta name=\"twitter:card\" content=\"summary_large_image\" \/>\n<script type=\"application\/ld+json\" class=\"yoast-schema-graph\">{\"@context\":\"https:\/\/schema.org\",\"@graph\":[{\"@type\":\"WebPage\",\"@id\":\"https:\/\/www.alscher-bestattungen.de\/de\/organisieren-sie-eine-beerdigung\/administrative-unterstuetzung\/\",\"url\":\"https:\/\/www.alscher-bestattungen.de\/de\/organisieren-sie-eine-beerdigung\/administrative-unterstuetzung\/\",\"name\":\"Unterst\u00fctzung durch Ihren Bestatter - Alscher Bestattungen\",\"isPartOf\":{\"@id\":\"https:\/\/www.alscher-bestattungen.de\/de\/#website\"},\"datePublished\":\"2022-10-11T13:24:54+00:00\",\"dateModified\":\"2023-10-17T13:36:18+00:00\",\"description\":\"Wir entlasten Sie auf Wunsch bei allen Formalit\u00e4ten: Beschaffung der Sterbeurkunde und anderer wichtiger Dokumente.\",\"breadcrumb\":{\"@id\":\"https:\/\/www.alscher-bestattungen.de\/de\/organisieren-sie-eine-beerdigung\/administrative-unterstuetzung\/#breadcrumb\"},\"inLanguage\":\"de-DE\",\"potentialAction\":[{\"@type\":\"ReadAction\",\"target\":[\"https:\/\/www.alscher-bestattungen.de\/de\/organisieren-sie-eine-beerdigung\/administrative-unterstuetzung\/\"]}]},{\"@type\":\"BreadcrumbList\",\"@id\":\"https:\/\/www.alscher-bestattungen.de\/de\/organisieren-sie-eine-beerdigung\/administrative-unterstuetzung\/#breadcrumb\",\"itemListElement\":[{\"@type\":\"ListItem\",\"position\":1,\"name\":\"Organisation einer Bestattung\",\"item\":\"https:\/\/www.alscher-bestattungen.de\/de\/organisieren-sie-eine-beerdigung\/\"},{\"@type\":\"ListItem\",\"position\":2,\"name\":\"Unterst\u00fctzung durch Ihren Bestatter\"}]},{\"@type\":\"WebSite\",\"@id\":\"https:\/\/www.alscher-bestattungen.de\/de\/#website\",\"url\":\"https:\/\/www.alscher-bestattungen.de\/de\/\",\"name\":\"Alscher Bestattungen\",\"description\":\"Just another Sereni Sites site\",\"potentialAction\":[{\"@type\":\"SearchAction\",\"target\":{\"@type\":\"EntryPoint\",\"urlTemplate\":\"https:\/\/www.alscher-bestattungen.de\/de\/?s={search_term_string}\"},\"query-input\":{\"@type\":\"PropertyValueSpecification\",\"valueRequired\":true,\"valueName\":\"search_term_string\"}}],\"inLanguage\":\"de-DE\"}]}<\/script>\n<!-- \/ Yoast SEO plugin. -->","yoast_head_json":{"title":"Unterst\u00fctzung durch Ihren Bestatter - Alscher Bestattungen","description":"Wir entlasten Sie auf Wunsch bei allen Formalit\u00e4ten: Beschaffung der Sterbeurkunde und anderer wichtiger Dokumente.","robots":{"index":"index","follow":"follow","max-snippet":"max-snippet:-1","max-image-preview":"max-image-preview:large","max-video-preview":"max-video-preview:-1"},"canonical":"https:\/\/www.alscher-bestattungen.de\/de\/organisieren-sie-eine-beerdigung\/administrative-unterstuetzung\/","og_locale":"de_DE","og_type":"article","og_title":"Unterst\u00fctzung durch Ihren Bestatter - Alscher Bestattungen","og_description":"Wir entlasten Sie auf Wunsch bei allen Formalit\u00e4ten: Beschaffung der Sterbeurkunde und anderer wichtiger Dokumente.","og_url":"https:\/\/www.alscher-bestattungen.de\/de\/organisieren-sie-eine-beerdigung\/administrative-unterstuetzung\/","og_site_name":"Alscher Bestattungen","article_modified_time":"2023-10-17T13:36:18+00:00","twitter_card":"summary_large_image","schema":{"@context":"https:\/\/schema.org","@graph":[{"@type":"WebPage","@id":"https:\/\/www.alscher-bestattungen.de\/de\/organisieren-sie-eine-beerdigung\/administrative-unterstuetzung\/","url":"https:\/\/www.alscher-bestattungen.de\/de\/organisieren-sie-eine-beerdigung\/administrative-unterstuetzung\/","name":"Unterst\u00fctzung durch Ihren Bestatter - Alscher Bestattungen","isPartOf":{"@id":"https:\/\/www.alscher-bestattungen.de\/de\/#website"},"datePublished":"2022-10-11T13:24:54+00:00","dateModified":"2023-10-17T13:36:18+00:00","description":"Wir entlasten Sie auf Wunsch bei allen Formalit\u00e4ten: Beschaffung der Sterbeurkunde und anderer wichtiger Dokumente.","breadcrumb":{"@id":"https:\/\/www.alscher-bestattungen.de\/de\/organisieren-sie-eine-beerdigung\/administrative-unterstuetzung\/#breadcrumb"},"inLanguage":"de-DE","potentialAction":[{"@type":"ReadAction","target":["https:\/\/www.alscher-bestattungen.de\/de\/organisieren-sie-eine-beerdigung\/administrative-unterstuetzung\/"]}]},{"@type":"BreadcrumbList","@id":"https:\/\/www.alscher-bestattungen.de\/de\/organisieren-sie-eine-beerdigung\/administrative-unterstuetzung\/#breadcrumb","itemListElement":[{"@type":"ListItem","position":1,"name":"Organisation einer Bestattung","item":"https:\/\/www.alscher-bestattungen.de\/de\/organisieren-sie-eine-beerdigung\/"},{"@type":"ListItem","position":2,"name":"Unterst\u00fctzung durch Ihren Bestatter"}]},{"@type":"WebSite","@id":"https:\/\/www.alscher-bestattungen.de\/de\/#website","url":"https:\/\/www.alscher-bestattungen.de\/de\/","name":"Alscher Bestattungen","description":"Just another Sereni Sites site","potentialAction":[{"@type":"SearchAction","target":{"@type":"EntryPoint","urlTemplate":"https:\/\/www.alscher-bestattungen.de\/de\/?s={search_term_string}"},"query-input":{"@type":"PropertyValueSpecification","valueRequired":true,"valueName":"search_term_string"}}],"inLanguage":"de-DE"}]}},"_links":{"self":[{"href":"https:\/\/www.alscher-bestattungen.de\/de\/wp-json\/wp\/v2\/pages\/130","targetHints":{"allow":["GET"]}}],"collection":[{"href":"https:\/\/www.alscher-bestattungen.de\/de\/wp-json\/wp\/v2\/pages"}],"about":[{"href":"https:\/\/www.alscher-bestattungen.de\/de\/wp-json\/wp\/v2\/types\/page"}],"author":[{"embeddable":true,"href":"https:\/\/www.alscher-bestattungen.de\/de\/wp-json\/wp\/v2\/users\/1"}],"replies":[{"embeddable":true,"href":"https:\/\/www.alscher-bestattungen.de\/de\/wp-json\/wp\/v2\/comments?post=130"}],"version-history":[{"count":48,"href":"https:\/\/www.alscher-bestattungen.de\/de\/wp-json\/wp\/v2\/pages\/130\/revisions"}],"predecessor-version":[{"id":2133,"href":"https:\/\/www.alscher-bestattungen.de\/de\/wp-json\/wp\/v2\/pages\/130\/revisions\/2133"}],"up":[{"embeddable":true,"href":"https:\/\/www.alscher-bestattungen.de\/de\/wp-json\/wp\/v2\/pages\/108"}],"wp:attachment":[{"href":"https:\/\/www.alscher-bestattungen.de\/de\/wp-json\/wp\/v2\/media?parent=130"}],"curies":[{"name":"wp","href":"https:\/\/api.w.org\/{rel}","templated":true}]}}