{"id":118,"date":"2022-10-11T13:20:54","date_gmt":"2022-10-11T13:20:54","guid":{"rendered":"https:\/\/www.alscher-bestattungen.de\/?page_id=118"},"modified":"2023-10-17T14:21:15","modified_gmt":"2023-10-17T14:21:15","slug":"abschied","status":"publish","type":"page","link":"https:\/\/www.alscher-bestattungen.de\/de\/organisieren-sie-eine-beerdigung\/abschied\/","title":{"rendered":"Abschied"},"content":{"rendered":"\n<div id=\"block-main-banner-block_03ab4974b133c676ef44c28982ff026d\" class=\"block-main-banner\">\n    <div class=\"container\">\n        <div class=\"banner-wrap layout2 content_right content_bottom\">\n            <div class=\"banner-image\">\n                                                            <img loading=\"lazy\" decoding=\"async\" width=\"799\" height=\"734\" src=\"https:\/\/shop.sereni.de\/app\/uploads\/sites\/10\/2023\/06\/Urne-mit-Blumenkranz-1.jpg\" class=\"attachment-full-stretched size-full-stretched\" alt=\"Abschied\" srcset=\"https:\/\/shop.sereni.de\/app\/uploads\/sites\/10\/2023\/06\/Urne-mit-Blumenkranz-1.jpg 799w, https:\/\/shop.sereni.de\/app\/uploads\/sites\/10\/2023\/06\/Urne-mit-Blumenkranz-1-300x276.jpg 300w, https:\/\/shop.sereni.de\/app\/uploads\/sites\/10\/2023\/06\/Urne-mit-Blumenkranz-1-327x300.jpg 327w, https:\/\/shop.sereni.de\/app\/uploads\/sites\/10\/2023\/06\/Urne-mit-Blumenkranz-1-600x551.jpg 600w\" sizes=\"auto, (max-width: 799px) 100vw, 799px\" title=\"Abschied\" \/>                                                <\/div>\n\n                            <div class=\"banner-content\">\n                    <div class=\"inner\">\n                        <h2><strong>WEIL BEWUSSTER ABSCHIED HEILSAM IST<\/strong><\/h2>\n<p><strong>Noch einmal Zeit miteinander verbringen.<\/strong><\/p>\n<p><span class=\"type-i type-j\"><strong>Bewusst Abschied<\/strong> zu nehmen ist der<strong> Einstieg in die Trauerarbeit<\/strong>, ein wichtiger erster Schritt, den Tod zu akzeptieren. Wie Sie diese Abschiednahme gestalten m\u00f6chten, entscheiden Sie <strong>nach Ihrem pers\u00f6nlichen Empfinden<\/strong>.<\/span><\/p>\n<p>Vor der Trauerfeier geben wir Ihnen die Gelegenheit zu einem<strong> letzten Beisammensein mit dem Verstorbenen<\/strong> am offenen oder geschlossenen Sarg oder im Rahmen einer Urnen-Aufbahrung in der Trauerhalle.<\/p>\n<p style=\"text-align: center\"><a class=\"btn btn-primary\" href=\"https:\/\/www.alscher-bestattungen.de\/de\/kontakt\/\">Kontakt<\/a><\/p>\n                    <\/div>\n                <\/div>\n                    <\/div>\n    <\/div>\n<\/div>\n\n\n<div id=\"block-variable-content-list-block_555e51648e53dcfc6989df6472c97aa3\" class=\"block-variable-content-list alt_1\">\n    <div class=\"container\">\n        <div class=\"widget-wrap per_row_2\">\n                        <div class=\"block-content\">\n                                                                                    <div class=\"element\">\n                                                            \n                                \n                                                                    <div class=\"content-wrap\">\n                                        <p><span class=\"type-g\"><strong>Mut zu einem besonderen Schritt.<\/strong><\/span><\/p>\n<p>Aus Erfahrung wissen wir, dass es f\u00fcr Hinterbliebene ein wichtiger Schritt in der Trauerbew\u00e4ltigung sein kann, aktiv an der Versorgung, Einkleidung und Einbettung des Verstorbenen mitzuwirken. Wir m\u00f6chten Sie ausdr\u00fccklich zu dieser Form der Abschiednahme ermutigen. Alle Aufgaben, die Sie sich zutrauen, d\u00fcrfen Sie auch selbst \u00fcbernehmen. Wir assistieren, wo und wann Sie uns brauchen.<\/p>\n<p>&nbsp;<\/p>\n                                    <\/div>\n                                                                                    <\/div>\n                                                                    <div class=\"element\">\n                                                            \n                                \n                                                                    <div class=\"content-wrap\">\n                                        <p><span class=\"type-g\"><strong>Das letzte gemeinsame Fest.<\/strong><\/span><\/p>\n<p>Jeder Verstorbene sollte ein Begr\u00e4bnis erhalten, das seiner Pers\u00f6nlichkeit gerecht wird, sein Leben in Erinnerung ruft, seine Einzigartigkeit hervorhebt. Wir besprechen mit Ihnen, wie sich die Zeremonie individuell gestalten l\u00e4sst, und ermuntern Sie, eigene kreative Ideen einzubringen. Wir freuen uns, wenn wir Ihnen au\u00dfergew\u00f6hnliche W\u00fcnsche erf\u00fcllen und so einen Verstorbenen auf besondere Weise ehren d\u00fcrfen.<\/p>\n                                    <\/div>\n                                                                                    <\/div>\n                                                <\/div>\n        <\/div>\n    <\/div>\n<\/div>\n\n\n<div id=\"block-variable-content-list-block_a29f8783ca5960b823fc279b35b92997\" class=\"block-variable-content-list default\">\n    <div class=\"container\">\n        <div class=\"widget-wrap per_row_3\">\n                            <div class=\"block-heading\">\n                    <span class=\"heading\">Auch dabei sind wir Ihnen gerne behilflich<\/span>\n                <\/div>\n                        <div class=\"block-content\">\n                                                                                    <div class=\"element\">\n                                                            \n                                                                    <div class=\"image-wrap\">\n                                                                                    <img loading=\"lazy\" decoding=\"async\" width=\"1024\" height=\"683\" src=\"https:\/\/shop.sereni.de\/app\/uploads\/sites\/10\/2023\/06\/Personen-im-Gespraech-1024x683.jpg\" class=\"attachment-large size-large\" alt=\"Abschied\" srcset=\"https:\/\/shop.sereni.de\/app\/uploads\/sites\/10\/2023\/06\/Personen-im-Gespraech-1024x683.jpg 1024w, https:\/\/shop.sereni.de\/app\/uploads\/sites\/10\/2023\/06\/Personen-im-Gespraech-300x200.jpg 300w, https:\/\/shop.sereni.de\/app\/uploads\/sites\/10\/2023\/06\/Personen-im-Gespraech-450x300.jpg 450w, https:\/\/shop.sereni.de\/app\/uploads\/sites\/10\/2023\/06\/Personen-im-Gespraech-1300x867.jpg 1300w, https:\/\/shop.sereni.de\/app\/uploads\/sites\/10\/2023\/06\/Personen-im-Gespraech-1440x960.jpg 1440w, https:\/\/shop.sereni.de\/app\/uploads\/sites\/10\/2023\/06\/Personen-im-Gespraech-600x400.jpg 600w, https:\/\/shop.sereni.de\/app\/uploads\/sites\/10\/2023\/06\/Personen-im-Gespraech.jpg 1800w\" sizes=\"auto, (max-width: 1024px) 100vw, 1024px\" title=\"Abschied\" \/>                                                                            <\/div>\n                                \n                                                                    <div class=\"content-wrap\">\n                                        <h3><strong><span class=\"type-g\">Einf\u00fchlsame Trauerarbeit<\/span><\/strong><\/h3>\n<p>T\u00e4glich arbeitet ein professionelles und kreatives Team mit Leidenschaft f\u00fcr Sie, um einen unvergesslichen Abschied zu planen\u2026<\/p>\n<p>&nbsp;<br \/>\n&nbsp;<br \/>\n&nbsp;<\/p>\n                                    <\/div>\n                                                                                    <\/div>\n                                                                    <div class=\"element\">\n                                                            \n                                                                    <div class=\"image-wrap\">\n                                                                                    <img loading=\"lazy\" decoding=\"async\" width=\"1024\" height=\"683\" src=\"https:\/\/shop.sereni.de\/app\/uploads\/sites\/10\/2022\/12\/Airplane-1024x683.webp\" class=\"attachment-large size-large\" alt=\"Abschied\" srcset=\"https:\/\/shop.sereni.de\/app\/uploads\/sites\/10\/2022\/12\/Airplane-1024x683.webp 1024w, https:\/\/shop.sereni.de\/app\/uploads\/sites\/10\/2022\/12\/Airplane-300x200.webp 300w, https:\/\/shop.sereni.de\/app\/uploads\/sites\/10\/2022\/12\/Airplane-450x300.webp 450w, https:\/\/shop.sereni.de\/app\/uploads\/sites\/10\/2022\/12\/Airplane-1300x867.webp 1300w, https:\/\/shop.sereni.de\/app\/uploads\/sites\/10\/2022\/12\/Airplane-1440x960.webp 1440w, https:\/\/shop.sereni.de\/app\/uploads\/sites\/10\/2022\/12\/Airplane-600x400.webp 600w, https:\/\/shop.sereni.de\/app\/uploads\/sites\/10\/2022\/12\/Airplane.webp 1800w\" sizes=\"auto, (max-width: 1024px) 100vw, 1024px\" title=\"Abschied\" \/>                                                                            <\/div>\n                                \n                                                                    <div class=\"content-wrap\">\n                                        <h3><strong><span class=\"type-g\">Transport und R\u00fcckf\u00fchrung<\/span><\/strong><\/h3>\n<p>Wir transportieren den Verstorbenen zu Orten wie dem Krematorium, dem Bestattungsinstitut oder dem Friedhof&#8230;<\/p>\n<p>Bei der \u00dcberf\u00fchrung ins oder aus dem Ausland k\u00f6nnen wir Sie selbstverst\u00e4ndlich ebenfalls unterst\u00fctzen!<\/p>\n                                    <\/div>\n                                                                                    <\/div>\n                                                                    <div class=\"element\">\n                                                            \n                                                                    <div class=\"image-wrap\">\n                                                                                    <img loading=\"lazy\" decoding=\"async\" width=\"514\" height=\"350\" src=\"https:\/\/shop.sereni.de\/app\/uploads\/sites\/10\/2022\/12\/Bild2-e1680020506982.jpg\" class=\"attachment-large size-large\" alt=\"Abschied\" srcset=\"https:\/\/shop.sereni.de\/app\/uploads\/sites\/10\/2022\/12\/Bild2-e1680020506982.jpg 514w, https:\/\/shop.sereni.de\/app\/uploads\/sites\/10\/2022\/12\/Bild2-e1680020506982-300x204.jpg 300w, https:\/\/shop.sereni.de\/app\/uploads\/sites\/10\/2022\/12\/Bild2-e1680020506982-441x300.jpg 441w\" sizes=\"auto, (max-width: 514px) 100vw, 514px\" title=\"Abschied\" \/>                                                                            <\/div>\n                                \n                                                                    <div class=\"content-wrap\">\n                                        <h3><strong><span class=\"type-g\">Administrative Unterst\u00fctzung<\/span><\/strong><\/h3>\n<p>Nach der Beerdigung lassen wir Sie nicht alleine und stehen Ihnen jederzeit unterst\u00fctzend zur Seite.<\/p>\n<p>&nbsp;<br \/>\n&nbsp;<br \/>\n&nbsp;<br \/>\n&nbsp;<\/p>\n                                    <\/div>\n                                                                                    <\/div>\n                                                <\/div>\n        <\/div>\n    <\/div>\n<\/div>\n","protected":false},"excerpt":{"rendered":"","protected":false},"author":1,"featured_media":0,"parent":108,"menu_order":0,"comment_status":"closed","ping_status":"closed","template":"","meta":{"_acf_changed":false,"footnotes":""},"class_list":["post-118","page","type-page","status-publish","hentry"],"acf":[],"yoast_head":"<!-- This site is optimized with the Yoast SEO plugin v25.8 - https:\/\/yoast.com\/wordpress\/plugins\/seo\/ -->\n<title>Abschied - Alscher Bestattungen<\/title>\n<meta name=\"description\" content=\"Bewusst Abschied zu nehmen ist der Einstieg in die Trauerarbeit, ein wichtiger erster Schritt, den Tod zu akzeptieren\" \/>\n<meta name=\"robots\" content=\"index, follow, max-snippet:-1, max-image-preview:large, max-video-preview:-1\" \/>\n<link rel=\"canonical\" href=\"https:\/\/www.alscher-bestattungen.de\/de\/organisieren-sie-eine-beerdigung\/abschied\/\" \/>\n<meta property=\"og:locale\" content=\"de_DE\" \/>\n<meta property=\"og:type\" content=\"article\" \/>\n<meta property=\"og:title\" content=\"Abschied - Alscher Bestattungen\" \/>\n<meta property=\"og:description\" content=\"Bewusst Abschied zu nehmen ist der Einstieg in die Trauerarbeit, ein wichtiger erster Schritt, den Tod zu akzeptieren\" \/>\n<meta property=\"og:url\" content=\"https:\/\/www.alscher-bestattungen.de\/de\/organisieren-sie-eine-beerdigung\/abschied\/\" \/>\n<meta property=\"og:site_name\" content=\"Alscher Bestattungen\" \/>\n<meta property=\"article:modified_time\" content=\"2023-10-17T14:21:15+00:00\" \/>\n<meta name=\"twitter:card\" content=\"summary_large_image\" \/>\n<script type=\"application\/ld+json\" class=\"yoast-schema-graph\">{\"@context\":\"https:\/\/schema.org\",\"@graph\":[{\"@type\":\"WebPage\",\"@id\":\"https:\/\/www.alscher-bestattungen.de\/de\/organisieren-sie-eine-beerdigung\/abschied\/\",\"url\":\"https:\/\/www.alscher-bestattungen.de\/de\/organisieren-sie-eine-beerdigung\/abschied\/\",\"name\":\"Abschied - Alscher Bestattungen\",\"isPartOf\":{\"@id\":\"https:\/\/www.alscher-bestattungen.de\/de\/#website\"},\"datePublished\":\"2022-10-11T13:20:54+00:00\",\"dateModified\":\"2023-10-17T14:21:15+00:00\",\"description\":\"Bewusst Abschied zu nehmen ist der Einstieg in die Trauerarbeit, ein wichtiger erster Schritt, den Tod zu akzeptieren\",\"breadcrumb\":{\"@id\":\"https:\/\/www.alscher-bestattungen.de\/de\/organisieren-sie-eine-beerdigung\/abschied\/#breadcrumb\"},\"inLanguage\":\"de-DE\",\"potentialAction\":[{\"@type\":\"ReadAction\",\"target\":[\"https:\/\/www.alscher-bestattungen.de\/de\/organisieren-sie-eine-beerdigung\/abschied\/\"]}]},{\"@type\":\"BreadcrumbList\",\"@id\":\"https:\/\/www.alscher-bestattungen.de\/de\/organisieren-sie-eine-beerdigung\/abschied\/#breadcrumb\",\"itemListElement\":[{\"@type\":\"ListItem\",\"position\":1,\"name\":\"Organisation einer Bestattung\",\"item\":\"https:\/\/www.alscher-bestattungen.de\/de\/organisieren-sie-eine-beerdigung\/\"},{\"@type\":\"ListItem\",\"position\":2,\"name\":\"Abschied\"}]},{\"@type\":\"WebSite\",\"@id\":\"https:\/\/www.alscher-bestattungen.de\/de\/#website\",\"url\":\"https:\/\/www.alscher-bestattungen.de\/de\/\",\"name\":\"Alscher Bestattungen\",\"description\":\"Just another Sereni Sites site\",\"potentialAction\":[{\"@type\":\"SearchAction\",\"target\":{\"@type\":\"EntryPoint\",\"urlTemplate\":\"https:\/\/www.alscher-bestattungen.de\/de\/?s={search_term_string}\"},\"query-input\":{\"@type\":\"PropertyValueSpecification\",\"valueRequired\":true,\"valueName\":\"search_term_string\"}}],\"inLanguage\":\"de-DE\"}]}<\/script>\n<!-- \/ Yoast SEO plugin. -->","yoast_head_json":{"title":"Abschied - Alscher Bestattungen","description":"Bewusst Abschied zu nehmen ist der Einstieg in die Trauerarbeit, ein wichtiger erster Schritt, den Tod zu akzeptieren","robots":{"index":"index","follow":"follow","max-snippet":"max-snippet:-1","max-image-preview":"max-image-preview:large","max-video-preview":"max-video-preview:-1"},"canonical":"https:\/\/www.alscher-bestattungen.de\/de\/organisieren-sie-eine-beerdigung\/abschied\/","og_locale":"de_DE","og_type":"article","og_title":"Abschied - Alscher Bestattungen","og_description":"Bewusst Abschied zu nehmen ist der Einstieg in die Trauerarbeit, ein wichtiger erster Schritt, den Tod zu akzeptieren","og_url":"https:\/\/www.alscher-bestattungen.de\/de\/organisieren-sie-eine-beerdigung\/abschied\/","og_site_name":"Alscher Bestattungen","article_modified_time":"2023-10-17T14:21:15+00:00","twitter_card":"summary_large_image","schema":{"@context":"https:\/\/schema.org","@graph":[{"@type":"WebPage","@id":"https:\/\/www.alscher-bestattungen.de\/de\/organisieren-sie-eine-beerdigung\/abschied\/","url":"https:\/\/www.alscher-bestattungen.de\/de\/organisieren-sie-eine-beerdigung\/abschied\/","name":"Abschied - Alscher Bestattungen","isPartOf":{"@id":"https:\/\/www.alscher-bestattungen.de\/de\/#website"},"datePublished":"2022-10-11T13:20:54+00:00","dateModified":"2023-10-17T14:21:15+00:00","description":"Bewusst Abschied zu nehmen ist der Einstieg in die Trauerarbeit, ein wichtiger erster Schritt, den Tod zu akzeptieren","breadcrumb":{"@id":"https:\/\/www.alscher-bestattungen.de\/de\/organisieren-sie-eine-beerdigung\/abschied\/#breadcrumb"},"inLanguage":"de-DE","potentialAction":[{"@type":"ReadAction","target":["https:\/\/www.alscher-bestattungen.de\/de\/organisieren-sie-eine-beerdigung\/abschied\/"]}]},{"@type":"BreadcrumbList","@id":"https:\/\/www.alscher-bestattungen.de\/de\/organisieren-sie-eine-beerdigung\/abschied\/#breadcrumb","itemListElement":[{"@type":"ListItem","position":1,"name":"Organisation einer Bestattung","item":"https:\/\/www.alscher-bestattungen.de\/de\/organisieren-sie-eine-beerdigung\/"},{"@type":"ListItem","position":2,"name":"Abschied"}]},{"@type":"WebSite","@id":"https:\/\/www.alscher-bestattungen.de\/de\/#website","url":"https:\/\/www.alscher-bestattungen.de\/de\/","name":"Alscher Bestattungen","description":"Just another Sereni Sites site","potentialAction":[{"@type":"SearchAction","target":{"@type":"EntryPoint","urlTemplate":"https:\/\/www.alscher-bestattungen.de\/de\/?s={search_term_string}"},"query-input":{"@type":"PropertyValueSpecification","valueRequired":true,"valueName":"search_term_string"}}],"inLanguage":"de-DE"}]}},"_links":{"self":[{"href":"https:\/\/www.alscher-bestattungen.de\/de\/wp-json\/wp\/v2\/pages\/118","targetHints":{"allow":["GET"]}}],"collection":[{"href":"https:\/\/www.alscher-bestattungen.de\/de\/wp-json\/wp\/v2\/pages"}],"about":[{"href":"https:\/\/www.alscher-bestattungen.de\/de\/wp-json\/wp\/v2\/types\/page"}],"author":[{"embeddable":true,"href":"https:\/\/www.alscher-bestattungen.de\/de\/wp-json\/wp\/v2\/users\/1"}],"replies":[{"embeddable":true,"href":"https:\/\/www.alscher-bestattungen.de\/de\/wp-json\/wp\/v2\/comments?post=118"}],"version-history":[{"count":122,"href":"https:\/\/www.alscher-bestattungen.de\/de\/wp-json\/wp\/v2\/pages\/118\/revisions"}],"predecessor-version":[{"id":2156,"href":"https:\/\/www.alscher-bestattungen.de\/de\/wp-json\/wp\/v2\/pages\/118\/revisions\/2156"}],"up":[{"embeddable":true,"href":"https:\/\/www.alscher-bestattungen.de\/de\/wp-json\/wp\/v2\/pages\/108"}],"wp:attachment":[{"href":"https:\/\/www.alscher-bestattungen.de\/de\/wp-json\/wp\/v2\/media?parent=118"}],"curies":[{"name":"wp","href":"https:\/\/api.w.org\/{rel}","templated":true}]}}