{"id":116,"date":"2022-10-11T13:19:53","date_gmt":"2022-10-11T13:19:53","guid":{"rendered":"https:\/\/www.alscher-bestattungen.de\/?page_id=116"},"modified":"2023-07-27T12:09:35","modified_gmt":"2023-07-27T12:09:35","slug":"einaescherung","status":"publish","type":"page","link":"https:\/\/www.alscher-bestattungen.de\/de\/organisieren-sie-eine-beerdigung\/einaescherung\/","title":{"rendered":"Feuerbestattung"},"content":{"rendered":"\n<div id=\"block-main-banner-block_b511352f08fdc0655ff61323e348c590\" class=\"block-main-banner\">\n    <div class=\"container\">\n        <div class=\"banner-wrap layout2 content_right content_top\">\n            <div class=\"banner-image\">\n                                                            <img loading=\"lazy\" decoding=\"async\" width=\"1200\" height=\"1199\" src=\"https:\/\/shop.sereni.de\/app\/uploads\/sites\/10\/2023\/07\/Urne-Alscher-Bestattungen.jpg\" class=\"attachment-full-stretched size-full-stretched\" alt=\"Feuerbestattung\" srcset=\"https:\/\/shop.sereni.de\/app\/uploads\/sites\/10\/2023\/07\/Urne-Alscher-Bestattungen.jpg 1200w, https:\/\/shop.sereni.de\/app\/uploads\/sites\/10\/2023\/07\/Urne-Alscher-Bestattungen-300x300.jpg 300w, https:\/\/shop.sereni.de\/app\/uploads\/sites\/10\/2023\/07\/Urne-Alscher-Bestattungen-1024x1024.jpg 1024w, https:\/\/shop.sereni.de\/app\/uploads\/sites\/10\/2023\/07\/Urne-Alscher-Bestattungen-150x150.jpg 150w, https:\/\/shop.sereni.de\/app\/uploads\/sites\/10\/2023\/07\/Urne-Alscher-Bestattungen-600x600.jpg 600w\" sizes=\"auto, (max-width: 1200px) 100vw, 1200px\" title=\"Feuerbestattung\" \/>                                                <\/div>\n\n                            <div class=\"banner-content\">\n                    <div class=\"inner\">\n                        <h3><strong>Urnenbestattung<\/strong><\/h3>\n<p><span class=\"type-j\">Bei einer <strong>Feuerbestattung<\/strong> wird der Verstorbene von uns zum Krematorium \u00fcberf\u00fchrt und mit dem Sarg einge\u00e4schert. Der Holzsarg dient bei der Ein\u00e4scherung als Brennstoff und ist deshalb in jedem Krematorium in Deutschland vorgeschrieben. <\/span><\/p>\n<p><span class=\"type-j\">Es dauert durchschnittlich <strong>2 Werktage<\/strong> bis wir die Aschenkapsel vom Krematorium zur\u00fcck erhalten. Die Angeh\u00f6rigen k\u00f6nnen die <strong>\u00dcberf\u00fchrung zum Krematorium und die Ein\u00e4scherung begleiten.<\/strong><\/span><\/p>\n<p><span class=\"type-j\">Eine Trauerfeier kann vor der Ein\u00e4scherung am Sarg stattfinden oder nach der Kremation an der Urne mit anschlie\u00dfender Beisetzung.<\/span><\/p>\n<p><a class=\"btn btn-primary\" href=\"https:\/\/www.alscher-bestattungen.de\/de\/kontakt\/\">Kontaktiere uns<\/a><\/p>\n                    <\/div>\n                <\/div>\n                    <\/div>\n    <\/div>\n<\/div>\n","protected":false},"excerpt":{"rendered":"","protected":false},"author":1,"featured_media":0,"parent":108,"menu_order":0,"comment_status":"closed","ping_status":"closed","template":"","meta":{"_acf_changed":false,"footnotes":""},"class_list":["post-116","page","type-page","status-publish","hentry"],"acf":[],"yoast_head":"<!-- This site is optimized with the Yoast SEO plugin v25.8 - https:\/\/yoast.com\/wordpress\/plugins\/seo\/ -->\n<title>Feuerbestattung - Alscher Bestattungen<\/title>\n<meta name=\"robots\" content=\"index, follow, max-snippet:-1, max-image-preview:large, max-video-preview:-1\" \/>\n<link rel=\"canonical\" href=\"https:\/\/www.alscher-bestattungen.de\/de\/organisieren-sie-eine-beerdigung\/einaescherung\/\" \/>\n<meta property=\"og:locale\" content=\"de_DE\" \/>\n<meta property=\"og:type\" content=\"article\" \/>\n<meta property=\"og:title\" content=\"Feuerbestattung - Alscher Bestattungen\" \/>\n<meta property=\"og:url\" content=\"https:\/\/www.alscher-bestattungen.de\/de\/organisieren-sie-eine-beerdigung\/einaescherung\/\" \/>\n<meta property=\"og:site_name\" content=\"Alscher Bestattungen\" \/>\n<meta property=\"article:modified_time\" content=\"2023-07-27T12:09:35+00:00\" \/>\n<meta name=\"twitter:card\" content=\"summary_large_image\" \/>\n<script type=\"application\/ld+json\" class=\"yoast-schema-graph\">{\"@context\":\"https:\/\/schema.org\",\"@graph\":[{\"@type\":\"WebPage\",\"@id\":\"https:\/\/www.alscher-bestattungen.de\/de\/organisieren-sie-eine-beerdigung\/einaescherung\/\",\"url\":\"https:\/\/www.alscher-bestattungen.de\/de\/organisieren-sie-eine-beerdigung\/einaescherung\/\",\"name\":\"Feuerbestattung - Alscher Bestattungen\",\"isPartOf\":{\"@id\":\"https:\/\/www.alscher-bestattungen.de\/de\/#website\"},\"datePublished\":\"2022-10-11T13:19:53+00:00\",\"dateModified\":\"2023-07-27T12:09:35+00:00\",\"breadcrumb\":{\"@id\":\"https:\/\/www.alscher-bestattungen.de\/de\/organisieren-sie-eine-beerdigung\/einaescherung\/#breadcrumb\"},\"inLanguage\":\"de-DE\",\"potentialAction\":[{\"@type\":\"ReadAction\",\"target\":[\"https:\/\/www.alscher-bestattungen.de\/de\/organisieren-sie-eine-beerdigung\/einaescherung\/\"]}]},{\"@type\":\"BreadcrumbList\",\"@id\":\"https:\/\/www.alscher-bestattungen.de\/de\/organisieren-sie-eine-beerdigung\/einaescherung\/#breadcrumb\",\"itemListElement\":[{\"@type\":\"ListItem\",\"position\":1,\"name\":\"Organisation einer Bestattung\",\"item\":\"https:\/\/www.alscher-bestattungen.de\/de\/organisieren-sie-eine-beerdigung\/\"},{\"@type\":\"ListItem\",\"position\":2,\"name\":\"Feuerbestattung\"}]},{\"@type\":\"WebSite\",\"@id\":\"https:\/\/www.alscher-bestattungen.de\/de\/#website\",\"url\":\"https:\/\/www.alscher-bestattungen.de\/de\/\",\"name\":\"Alscher Bestattungen\",\"description\":\"Just another Sereni Sites site\",\"potentialAction\":[{\"@type\":\"SearchAction\",\"target\":{\"@type\":\"EntryPoint\",\"urlTemplate\":\"https:\/\/www.alscher-bestattungen.de\/de\/?s={search_term_string}\"},\"query-input\":{\"@type\":\"PropertyValueSpecification\",\"valueRequired\":true,\"valueName\":\"search_term_string\"}}],\"inLanguage\":\"de-DE\"}]}<\/script>\n<!-- \/ Yoast SEO plugin. -->","yoast_head_json":{"title":"Feuerbestattung - Alscher Bestattungen","robots":{"index":"index","follow":"follow","max-snippet":"max-snippet:-1","max-image-preview":"max-image-preview:large","max-video-preview":"max-video-preview:-1"},"canonical":"https:\/\/www.alscher-bestattungen.de\/de\/organisieren-sie-eine-beerdigung\/einaescherung\/","og_locale":"de_DE","og_type":"article","og_title":"Feuerbestattung - Alscher Bestattungen","og_url":"https:\/\/www.alscher-bestattungen.de\/de\/organisieren-sie-eine-beerdigung\/einaescherung\/","og_site_name":"Alscher Bestattungen","article_modified_time":"2023-07-27T12:09:35+00:00","twitter_card":"summary_large_image","schema":{"@context":"https:\/\/schema.org","@graph":[{"@type":"WebPage","@id":"https:\/\/www.alscher-bestattungen.de\/de\/organisieren-sie-eine-beerdigung\/einaescherung\/","url":"https:\/\/www.alscher-bestattungen.de\/de\/organisieren-sie-eine-beerdigung\/einaescherung\/","name":"Feuerbestattung - Alscher Bestattungen","isPartOf":{"@id":"https:\/\/www.alscher-bestattungen.de\/de\/#website"},"datePublished":"2022-10-11T13:19:53+00:00","dateModified":"2023-07-27T12:09:35+00:00","breadcrumb":{"@id":"https:\/\/www.alscher-bestattungen.de\/de\/organisieren-sie-eine-beerdigung\/einaescherung\/#breadcrumb"},"inLanguage":"de-DE","potentialAction":[{"@type":"ReadAction","target":["https:\/\/www.alscher-bestattungen.de\/de\/organisieren-sie-eine-beerdigung\/einaescherung\/"]}]},{"@type":"BreadcrumbList","@id":"https:\/\/www.alscher-bestattungen.de\/de\/organisieren-sie-eine-beerdigung\/einaescherung\/#breadcrumb","itemListElement":[{"@type":"ListItem","position":1,"name":"Organisation einer Bestattung","item":"https:\/\/www.alscher-bestattungen.de\/de\/organisieren-sie-eine-beerdigung\/"},{"@type":"ListItem","position":2,"name":"Feuerbestattung"}]},{"@type":"WebSite","@id":"https:\/\/www.alscher-bestattungen.de\/de\/#website","url":"https:\/\/www.alscher-bestattungen.de\/de\/","name":"Alscher Bestattungen","description":"Just another Sereni Sites site","potentialAction":[{"@type":"SearchAction","target":{"@type":"EntryPoint","urlTemplate":"https:\/\/www.alscher-bestattungen.de\/de\/?s={search_term_string}"},"query-input":{"@type":"PropertyValueSpecification","valueRequired":true,"valueName":"search_term_string"}}],"inLanguage":"de-DE"}]}},"_links":{"self":[{"href":"https:\/\/www.alscher-bestattungen.de\/de\/wp-json\/wp\/v2\/pages\/116","targetHints":{"allow":["GET"]}}],"collection":[{"href":"https:\/\/www.alscher-bestattungen.de\/de\/wp-json\/wp\/v2\/pages"}],"about":[{"href":"https:\/\/www.alscher-bestattungen.de\/de\/wp-json\/wp\/v2\/types\/page"}],"author":[{"embeddable":true,"href":"https:\/\/www.alscher-bestattungen.de\/de\/wp-json\/wp\/v2\/users\/1"}],"replies":[{"embeddable":true,"href":"https:\/\/www.alscher-bestattungen.de\/de\/wp-json\/wp\/v2\/comments?post=116"}],"version-history":[{"count":35,"href":"https:\/\/www.alscher-bestattungen.de\/de\/wp-json\/wp\/v2\/pages\/116\/revisions"}],"predecessor-version":[{"id":2115,"href":"https:\/\/www.alscher-bestattungen.de\/de\/wp-json\/wp\/v2\/pages\/116\/revisions\/2115"}],"up":[{"embeddable":true,"href":"https:\/\/www.alscher-bestattungen.de\/de\/wp-json\/wp\/v2\/pages\/108"}],"wp:attachment":[{"href":"https:\/\/www.alscher-bestattungen.de\/de\/wp-json\/wp\/v2\/media?parent=116"}],"curies":[{"name":"wp","href":"https:\/\/api.w.org\/{rel}","templated":true}]}}