{"id":111,"date":"2022-10-11T13:18:01","date_gmt":"2022-10-11T13:18:01","guid":{"rendered":"https:\/\/www.alscher-bestattungen.de\/?page_id=111"},"modified":"2023-07-27T12:16:17","modified_gmt":"2023-07-27T12:16:17","slug":"begraebnis","status":"publish","type":"page","link":"https:\/\/www.alscher-bestattungen.de\/de\/organisieren-sie-eine-beerdigung\/begraebnis\/","title":{"rendered":"Bestattung"},"content":{"rendered":"\n<div id=\"block-main-banner-block_57a77bab527ad17302bd5d530bbae056\" class=\"block-main-banner\">\n    <div class=\"container\">\n        <div class=\"banner-wrap layout2 content_left content_top\">\n            <div class=\"banner-image\">\n                                                            <img loading=\"lazy\" decoding=\"async\" width=\"775\" height=\"1033\" src=\"https:\/\/shop.sereni.de\/app\/uploads\/sites\/10\/2023\/07\/04564431-e307-4ad2-99ea-8a752955973c.jpg\" class=\"attachment-full-stretched size-full-stretched\" alt=\"Bestattung\" srcset=\"https:\/\/shop.sereni.de\/app\/uploads\/sites\/10\/2023\/07\/04564431-e307-4ad2-99ea-8a752955973c.jpg 775w, https:\/\/shop.sereni.de\/app\/uploads\/sites\/10\/2023\/07\/04564431-e307-4ad2-99ea-8a752955973c-225x300.jpg 225w, https:\/\/shop.sereni.de\/app\/uploads\/sites\/10\/2023\/07\/04564431-e307-4ad2-99ea-8a752955973c-768x1024.jpg 768w, https:\/\/shop.sereni.de\/app\/uploads\/sites\/10\/2023\/07\/04564431-e307-4ad2-99ea-8a752955973c-450x600.jpg 450w\" sizes=\"auto, (max-width: 775px) 100vw, 775px\" title=\"Bestattung\" \/>                                                <\/div>\n\n                            <div class=\"banner-content\">\n                    <div class=\"inner\">\n                        <h3><span style=\"color: #ffffff\"><strong>Was hat sich der Verstorbene gew\u00fcnscht?<br \/>\n<\/strong><strong>Welche Erwartungen haben Sie an einen Ort der Erinnerung?<\/strong><\/span><\/h3>\n<h3><span class=\"type-j\" style=\"font-size: 1.125rem;color: #ffffff\">Solche Fragen spielen bei der Wahl zwischen einer Erdbestattung in einem Sarg und einer Feuerbestattung (Ein\u00e4scherung) mit anschlie\u00dfender Urnenbestattung eine wichtige Rolle.<\/span><\/h3>\n<p><span class=\"type-j\" style=\"color: #ffffff\"><strong>Grunds\u00e4tzlich gilt:<\/strong> Eine Erdbestattung ist nur auf einem Friedhof m\u00f6glich. Bei einer Urnenbeisetzung sind die M\u00f6glichkeiten deutlich vielf\u00e4ltiger.<\/span><\/p>\n<p><span class=\"type-j\" style=\"color: #ffffff\">Die Kosten einer Bestattung h\u00e4ngen von mehreren Faktoren ab. Gemeinsam mit Ihnen erstellen wir einen Plan, der Ihr Budget ber\u00fccksichtigt.<\/span><\/p>\n                    <\/div>\n                <\/div>\n                    <\/div>\n    <\/div>\n<\/div>\n\n\n<div id=\"block-variable-content-list-block_ed51831dd98d9ab6cd30847284cb51fe\" class=\"block-variable-content-list alt_1\">\n    <div class=\"container\">\n        <div class=\"widget-wrap per_row_2\">\n                        <div class=\"block-content\">\n                                                                                    <div class=\"element\">\n                                                            \n                                \n                                                                    <div class=\"content-wrap\">\n                                        <p><span class=\"type-j\">F\u00fcr <strong>Erd- und Feuerbestattungen<\/strong> stehen folgende Grabarten zur Wahl:<\/span><\/p>\n<p><span class=\"type-j\">Ein <strong>Wahlgrab\u00a0<\/strong>ist eine Grabstelle, die bereits zu Lebzeiten ausgesucht oder bei einem aktuellen Sterbefall erworben wird. Ein Wahlgrab kann eine oder mehrere Grabstellen haben. Das Nutzungsrecht kann \u00fcber Generationen immer wieder verl\u00e4ngert werden. Diese L\u00f6sung wird meist bei dem Wunsch nach einem Familiengrab gew\u00e4hlt.<\/span><\/p>\n<p><span class=\"type-j\">Ein\u00a0<strong>Reihengrab\u00a0<\/strong>wird vom Tr\u00e4ger des Friedhofs ausschlie\u00dflich in chronologischer Reihenfolge zugeteilt. Es besteht also keine M\u00f6glichkeit, dieselbe Grabstelle sp\u00e4ter zur Beisetzung weiterer Familienmitglieder zu beanspruchen.<\/span><\/p>\n<p><span class=\"type-j\">Ein\u00a0<strong>Rasengrab\u00a0<\/strong>befindet sich auf einer freien Rasenfl\u00e4che, die vom Tr\u00e4ger des jeweiligen Friedhofs gepflegt wird. Eine Bestattung kann sowohl anonym als auch unter einer in den Rasen eingelassenen Platte erfolgen.<\/span><\/p>\n                                    <\/div>\n                                                                                    <\/div>\n                                                                    <div class=\"element\">\n                                                            \n                                \n                                                                    <div class=\"content-wrap\">\n                                        <h4><span class=\"type-j\">Bei einer <strong>Feuerbestattung<\/strong> kann die Urne au\u00dferdem in einem\u00a0<strong>Kolumbarium<\/strong>, einer speziellen Urnenwand auf dem Friedhof, beigesetzt werden.<\/span><\/h4>\n<h4><span class=\"type-j\">Alternative Beisetzungsformen sind die\u00a0<strong>Seebestattung<\/strong>, die wir f\u00fcr Sie in der Nord- oder Ostsee sowie in weiteren Seegebieten weltweit durchf\u00fchren, oder die\u00a0<strong>Baumbestattung<\/strong>\u00a0in einem vom Tr\u00e4ger gepflegten Friedwald\u00ae oder RuheForst\u00ae. Auch\u00a0<strong>Luftbestattungen<\/strong>\u00a0erm\u00f6glichen wir Ihnen.<\/span><\/h4>\n<h4><span class=\"type-j\">Aus der Asche eines Verstorbenen kann auf Wunsch sogar ein\u00a0<strong>Erinnerungsdiamant<\/strong>\u00a0gefertigt werden. Wenn Sie einen solchen Weg in Erw\u00e4gung ziehen, informieren wir Sie vorab im Detail \u00fcber gesetzliche Rahmenbedingungen, Ablauf und die zu erwartenden Kosten.<\/span><\/h4>\n<p>&nbsp;<\/p>\n<p><a class=\"btn btn-primary\" href=\"https:\/\/www.alscher-bestattungen.de\/de\/kontakt\/\">Kontaktieren Sie uns<\/a><\/p>\n                                    <\/div>\n                                                                                    <\/div>\n                                                <\/div>\n        <\/div>\n    <\/div>\n<\/div>\n","protected":false},"excerpt":{"rendered":"","protected":false},"author":1,"featured_media":0,"parent":108,"menu_order":0,"comment_status":"closed","ping_status":"closed","template":"","meta":{"_acf_changed":false,"footnotes":""},"class_list":["post-111","page","type-page","status-publish","hentry"],"acf":[],"yoast_head":"<!-- This site is optimized with the Yoast SEO plugin v25.8 - https:\/\/yoast.com\/wordpress\/plugins\/seo\/ -->\n<title>Bestattung - Alscher Bestattungen<\/title>\n<meta name=\"robots\" content=\"index, follow, max-snippet:-1, max-image-preview:large, max-video-preview:-1\" \/>\n<link rel=\"canonical\" href=\"https:\/\/www.alscher-bestattungen.de\/de\/organisieren-sie-eine-beerdigung\/begraebnis\/\" \/>\n<meta property=\"og:locale\" content=\"de_DE\" \/>\n<meta property=\"og:type\" content=\"article\" \/>\n<meta property=\"og:title\" content=\"Bestattung - Alscher Bestattungen\" \/>\n<meta property=\"og:url\" content=\"https:\/\/www.alscher-bestattungen.de\/de\/organisieren-sie-eine-beerdigung\/begraebnis\/\" \/>\n<meta property=\"og:site_name\" content=\"Alscher Bestattungen\" \/>\n<meta property=\"article:modified_time\" content=\"2023-07-27T12:16:17+00:00\" \/>\n<meta name=\"twitter:card\" content=\"summary_large_image\" \/>\n<script type=\"application\/ld+json\" class=\"yoast-schema-graph\">{\"@context\":\"https:\/\/schema.org\",\"@graph\":[{\"@type\":\"WebPage\",\"@id\":\"https:\/\/www.alscher-bestattungen.de\/de\/organisieren-sie-eine-beerdigung\/begraebnis\/\",\"url\":\"https:\/\/www.alscher-bestattungen.de\/de\/organisieren-sie-eine-beerdigung\/begraebnis\/\",\"name\":\"Bestattung - Alscher Bestattungen\",\"isPartOf\":{\"@id\":\"https:\/\/www.alscher-bestattungen.de\/de\/#website\"},\"datePublished\":\"2022-10-11T13:18:01+00:00\",\"dateModified\":\"2023-07-27T12:16:17+00:00\",\"breadcrumb\":{\"@id\":\"https:\/\/www.alscher-bestattungen.de\/de\/organisieren-sie-eine-beerdigung\/begraebnis\/#breadcrumb\"},\"inLanguage\":\"de-DE\",\"potentialAction\":[{\"@type\":\"ReadAction\",\"target\":[\"https:\/\/www.alscher-bestattungen.de\/de\/organisieren-sie-eine-beerdigung\/begraebnis\/\"]}]},{\"@type\":\"BreadcrumbList\",\"@id\":\"https:\/\/www.alscher-bestattungen.de\/de\/organisieren-sie-eine-beerdigung\/begraebnis\/#breadcrumb\",\"itemListElement\":[{\"@type\":\"ListItem\",\"position\":1,\"name\":\"Organisation einer Bestattung\",\"item\":\"https:\/\/www.alscher-bestattungen.de\/de\/organisieren-sie-eine-beerdigung\/\"},{\"@type\":\"ListItem\",\"position\":2,\"name\":\"Bestattung\"}]},{\"@type\":\"WebSite\",\"@id\":\"https:\/\/www.alscher-bestattungen.de\/de\/#website\",\"url\":\"https:\/\/www.alscher-bestattungen.de\/de\/\",\"name\":\"Alscher Bestattungen\",\"description\":\"Just another Sereni Sites site\",\"potentialAction\":[{\"@type\":\"SearchAction\",\"target\":{\"@type\":\"EntryPoint\",\"urlTemplate\":\"https:\/\/www.alscher-bestattungen.de\/de\/?s={search_term_string}\"},\"query-input\":{\"@type\":\"PropertyValueSpecification\",\"valueRequired\":true,\"valueName\":\"search_term_string\"}}],\"inLanguage\":\"de-DE\"}]}<\/script>\n<!-- \/ Yoast SEO plugin. -->","yoast_head_json":{"title":"Bestattung - Alscher Bestattungen","robots":{"index":"index","follow":"follow","max-snippet":"max-snippet:-1","max-image-preview":"max-image-preview:large","max-video-preview":"max-video-preview:-1"},"canonical":"https:\/\/www.alscher-bestattungen.de\/de\/organisieren-sie-eine-beerdigung\/begraebnis\/","og_locale":"de_DE","og_type":"article","og_title":"Bestattung - Alscher Bestattungen","og_url":"https:\/\/www.alscher-bestattungen.de\/de\/organisieren-sie-eine-beerdigung\/begraebnis\/","og_site_name":"Alscher Bestattungen","article_modified_time":"2023-07-27T12:16:17+00:00","twitter_card":"summary_large_image","schema":{"@context":"https:\/\/schema.org","@graph":[{"@type":"WebPage","@id":"https:\/\/www.alscher-bestattungen.de\/de\/organisieren-sie-eine-beerdigung\/begraebnis\/","url":"https:\/\/www.alscher-bestattungen.de\/de\/organisieren-sie-eine-beerdigung\/begraebnis\/","name":"Bestattung - Alscher Bestattungen","isPartOf":{"@id":"https:\/\/www.alscher-bestattungen.de\/de\/#website"},"datePublished":"2022-10-11T13:18:01+00:00","dateModified":"2023-07-27T12:16:17+00:00","breadcrumb":{"@id":"https:\/\/www.alscher-bestattungen.de\/de\/organisieren-sie-eine-beerdigung\/begraebnis\/#breadcrumb"},"inLanguage":"de-DE","potentialAction":[{"@type":"ReadAction","target":["https:\/\/www.alscher-bestattungen.de\/de\/organisieren-sie-eine-beerdigung\/begraebnis\/"]}]},{"@type":"BreadcrumbList","@id":"https:\/\/www.alscher-bestattungen.de\/de\/organisieren-sie-eine-beerdigung\/begraebnis\/#breadcrumb","itemListElement":[{"@type":"ListItem","position":1,"name":"Organisation einer Bestattung","item":"https:\/\/www.alscher-bestattungen.de\/de\/organisieren-sie-eine-beerdigung\/"},{"@type":"ListItem","position":2,"name":"Bestattung"}]},{"@type":"WebSite","@id":"https:\/\/www.alscher-bestattungen.de\/de\/#website","url":"https:\/\/www.alscher-bestattungen.de\/de\/","name":"Alscher Bestattungen","description":"Just another Sereni Sites site","potentialAction":[{"@type":"SearchAction","target":{"@type":"EntryPoint","urlTemplate":"https:\/\/www.alscher-bestattungen.de\/de\/?s={search_term_string}"},"query-input":{"@type":"PropertyValueSpecification","valueRequired":true,"valueName":"search_term_string"}}],"inLanguage":"de-DE"}]}},"_links":{"self":[{"href":"https:\/\/www.alscher-bestattungen.de\/de\/wp-json\/wp\/v2\/pages\/111","targetHints":{"allow":["GET"]}}],"collection":[{"href":"https:\/\/www.alscher-bestattungen.de\/de\/wp-json\/wp\/v2\/pages"}],"about":[{"href":"https:\/\/www.alscher-bestattungen.de\/de\/wp-json\/wp\/v2\/types\/page"}],"author":[{"embeddable":true,"href":"https:\/\/www.alscher-bestattungen.de\/de\/wp-json\/wp\/v2\/users\/1"}],"replies":[{"embeddable":true,"href":"https:\/\/www.alscher-bestattungen.de\/de\/wp-json\/wp\/v2\/comments?post=111"}],"version-history":[{"count":91,"href":"https:\/\/www.alscher-bestattungen.de\/de\/wp-json\/wp\/v2\/pages\/111\/revisions"}],"predecessor-version":[{"id":2119,"href":"https:\/\/www.alscher-bestattungen.de\/de\/wp-json\/wp\/v2\/pages\/111\/revisions\/2119"}],"up":[{"embeddable":true,"href":"https:\/\/www.alscher-bestattungen.de\/de\/wp-json\/wp\/v2\/pages\/108"}],"wp:attachment":[{"href":"https:\/\/www.alscher-bestattungen.de\/de\/wp-json\/wp\/v2\/media?parent=111"}],"curies":[{"name":"wp","href":"https:\/\/api.w.org\/{rel}","templated":true}]}}