{"id":108,"date":"2022-10-11T13:06:46","date_gmt":"2022-10-11T13:06:46","guid":{"rendered":"https:\/\/www.alscher-bestattungen.de\/?page_id=108"},"modified":"2023-10-17T14:03:39","modified_gmt":"2023-10-17T14:03:39","slug":"organisieren-sie-eine-beerdigung","status":"publish","type":"page","link":"https:\/\/www.alscher-bestattungen.de\/de\/organisieren-sie-eine-beerdigung\/","title":{"rendered":"Organisation einer Bestattung"},"content":{"rendered":"\n<div id=\"block-main-banner-block_d6aeb65fa2fcb22d3eeddec84cac7b33\" class=\"block-main-banner\">\n    <div class=\"container\">\n        <div class=\"banner-wrap layout2 content_right content_top\">\n            <div class=\"banner-image\">\n                                                            <img loading=\"lazy\" decoding=\"async\" width=\"960\" height=\"1440\" src=\"https:\/\/shop.sereni.de\/app\/uploads\/sites\/10\/2022\/10\/jason-leung-GztJAW5Qzis-unsplash-web-960x1440.jpg\" class=\"attachment-full-stretched size-full-stretched\" alt=\"Organisation einer Bestattung\" srcset=\"https:\/\/shop.sereni.de\/app\/uploads\/sites\/10\/2022\/10\/jason-leung-GztJAW5Qzis-unsplash-web-960x1440.jpg 960w, https:\/\/shop.sereni.de\/app\/uploads\/sites\/10\/2022\/10\/jason-leung-GztJAW5Qzis-unsplash-web-200x300.jpg 200w, https:\/\/shop.sereni.de\/app\/uploads\/sites\/10\/2022\/10\/jason-leung-GztJAW5Qzis-unsplash-web-683x1024.jpg 683w, https:\/\/shop.sereni.de\/app\/uploads\/sites\/10\/2022\/10\/jason-leung-GztJAW5Qzis-unsplash-web-867x1300.jpg 867w, https:\/\/shop.sereni.de\/app\/uploads\/sites\/10\/2022\/10\/jason-leung-GztJAW5Qzis-unsplash-web-400x600.jpg 400w, https:\/\/shop.sereni.de\/app\/uploads\/sites\/10\/2022\/10\/jason-leung-GztJAW5Qzis-unsplash-web-scaled.jpg 1707w\" sizes=\"auto, (max-width: 960px) 100vw, 960px\" title=\"Organisation einer Bestattung\" \/>                                                <\/div>\n\n                            <div class=\"banner-content\">\n                    <div class=\"inner\">\n                        <h2>Was tun im Todesfall?<\/h2>\n<ol>\n<li>Benachrichtigen Sie einen Hausarzt, wenn Sie zu Hause sterben. Der Arzt stellt den Tod offiziell fest und stellt Ihnen eine Sterbeurkunde aus.<\/li>\n<li>Die Nachricht, dass Sie gerade einen geliebten Menschen verloren haben, trifft Sie hart. Nehmen Sie sich deshalb die Zeit, diese Nachricht durchsickern zu lassen und Ihrer Trauer freien Lauf zu lassen.<\/li>\n<li>Informieren Sie Ihre enge Familie und alle Freunde, die kommen und sich verabschieden m\u00f6chten.<\/li>\n<li>Wir unterst\u00fctzen Sie w\u00e4hrend des gesamten Prozesses. Raum und Zeit f\u00fcr den Trauerprozess sind essenziell. Die Traurigkeit und der Verlust brauchen einen Platz.<\/li>\n<li>Wir unterst\u00fctzen Sie umfassend in administrativer und steuerlicher Hinsicht. Alscher Bestattungen unterst\u00fctzt Sie w\u00e4hrend des gesamten Prozesses, auch nach der Beerdigung.<\/li>\n<\/ol>\n<p>&nbsp;<\/p>\n<p>&nbsp;<\/p>\n<p style=\"text-align: center\"><a class=\"btn btn-primary\" href=\"https:\/\/www.alscher-bestattungen.de\/de\/kontakt\/\">Kontaktieren Sie uns<\/a><\/p>\n                    <\/div>\n                <\/div>\n                    <\/div>\n    <\/div>\n<\/div>\n","protected":false},"excerpt":{"rendered":"","protected":false},"author":1,"featured_media":0,"parent":0,"menu_order":0,"comment_status":"closed","ping_status":"closed","template":"","meta":{"_acf_changed":false,"footnotes":""},"class_list":["post-108","page","type-page","status-publish","hentry"],"acf":[],"yoast_head":"<!-- This site is optimized with the Yoast SEO plugin v25.8 - https:\/\/yoast.com\/wordpress\/plugins\/seo\/ -->\n<title>Organisation einer Bestattung - Alscher Bestattungen<\/title>\n<meta name=\"description\" content=\"Alscher Bestattungen unterst\u00fctzt Sie w\u00e4hrend des gesamten Prozesses, auch nach der Beerdigung.\" \/>\n<meta name=\"robots\" content=\"index, follow, max-snippet:-1, max-image-preview:large, max-video-preview:-1\" \/>\n<link rel=\"canonical\" href=\"https:\/\/www.alscher-bestattungen.de\/de\/organisieren-sie-eine-beerdigung\/\" \/>\n<meta property=\"og:locale\" content=\"de_DE\" \/>\n<meta property=\"og:type\" content=\"article\" \/>\n<meta property=\"og:title\" content=\"Organisation einer Bestattung - Alscher Bestattungen\" \/>\n<meta property=\"og:description\" content=\"Alscher Bestattungen unterst\u00fctzt Sie w\u00e4hrend des gesamten Prozesses, auch nach der Beerdigung.\" \/>\n<meta property=\"og:url\" content=\"https:\/\/www.alscher-bestattungen.de\/de\/organisieren-sie-eine-beerdigung\/\" \/>\n<meta property=\"og:site_name\" content=\"Alscher Bestattungen\" \/>\n<meta property=\"article:modified_time\" content=\"2023-10-17T14:03:39+00:00\" \/>\n<meta name=\"twitter:card\" content=\"summary_large_image\" \/>\n<script type=\"application\/ld+json\" class=\"yoast-schema-graph\">{\"@context\":\"https:\/\/schema.org\",\"@graph\":[{\"@type\":\"WebPage\",\"@id\":\"https:\/\/www.alscher-bestattungen.de\/de\/organisieren-sie-eine-beerdigung\/\",\"url\":\"https:\/\/www.alscher-bestattungen.de\/de\/organisieren-sie-eine-beerdigung\/\",\"name\":\"Organisation einer Bestattung - Alscher Bestattungen\",\"isPartOf\":{\"@id\":\"https:\/\/www.alscher-bestattungen.de\/de\/#website\"},\"datePublished\":\"2022-10-11T13:06:46+00:00\",\"dateModified\":\"2023-10-17T14:03:39+00:00\",\"description\":\"Alscher Bestattungen unterst\u00fctzt Sie w\u00e4hrend des gesamten Prozesses, auch nach der Beerdigung.\",\"inLanguage\":\"de-DE\",\"potentialAction\":[{\"@type\":\"ReadAction\",\"target\":[\"https:\/\/www.alscher-bestattungen.de\/de\/organisieren-sie-eine-beerdigung\/\"]}]},{\"@type\":\"WebSite\",\"@id\":\"https:\/\/www.alscher-bestattungen.de\/de\/#website\",\"url\":\"https:\/\/www.alscher-bestattungen.de\/de\/\",\"name\":\"Alscher Bestattungen\",\"description\":\"Just another Sereni Sites site\",\"potentialAction\":[{\"@type\":\"SearchAction\",\"target\":{\"@type\":\"EntryPoint\",\"urlTemplate\":\"https:\/\/www.alscher-bestattungen.de\/de\/?s={search_term_string}\"},\"query-input\":{\"@type\":\"PropertyValueSpecification\",\"valueRequired\":true,\"valueName\":\"search_term_string\"}}],\"inLanguage\":\"de-DE\"}]}<\/script>\n<!-- \/ Yoast SEO plugin. -->","yoast_head_json":{"title":"Organisation einer Bestattung - Alscher Bestattungen","description":"Alscher Bestattungen unterst\u00fctzt Sie w\u00e4hrend des gesamten Prozesses, auch nach der Beerdigung.","robots":{"index":"index","follow":"follow","max-snippet":"max-snippet:-1","max-image-preview":"max-image-preview:large","max-video-preview":"max-video-preview:-1"},"canonical":"https:\/\/www.alscher-bestattungen.de\/de\/organisieren-sie-eine-beerdigung\/","og_locale":"de_DE","og_type":"article","og_title":"Organisation einer Bestattung - Alscher Bestattungen","og_description":"Alscher Bestattungen unterst\u00fctzt Sie w\u00e4hrend des gesamten Prozesses, auch nach der Beerdigung.","og_url":"https:\/\/www.alscher-bestattungen.de\/de\/organisieren-sie-eine-beerdigung\/","og_site_name":"Alscher Bestattungen","article_modified_time":"2023-10-17T14:03:39+00:00","twitter_card":"summary_large_image","schema":{"@context":"https:\/\/schema.org","@graph":[{"@type":"WebPage","@id":"https:\/\/www.alscher-bestattungen.de\/de\/organisieren-sie-eine-beerdigung\/","url":"https:\/\/www.alscher-bestattungen.de\/de\/organisieren-sie-eine-beerdigung\/","name":"Organisation einer Bestattung - Alscher Bestattungen","isPartOf":{"@id":"https:\/\/www.alscher-bestattungen.de\/de\/#website"},"datePublished":"2022-10-11T13:06:46+00:00","dateModified":"2023-10-17T14:03:39+00:00","description":"Alscher Bestattungen unterst\u00fctzt Sie w\u00e4hrend des gesamten Prozesses, auch nach der Beerdigung.","inLanguage":"de-DE","potentialAction":[{"@type":"ReadAction","target":["https:\/\/www.alscher-bestattungen.de\/de\/organisieren-sie-eine-beerdigung\/"]}]},{"@type":"WebSite","@id":"https:\/\/www.alscher-bestattungen.de\/de\/#website","url":"https:\/\/www.alscher-bestattungen.de\/de\/","name":"Alscher Bestattungen","description":"Just another Sereni Sites site","potentialAction":[{"@type":"SearchAction","target":{"@type":"EntryPoint","urlTemplate":"https:\/\/www.alscher-bestattungen.de\/de\/?s={search_term_string}"},"query-input":{"@type":"PropertyValueSpecification","valueRequired":true,"valueName":"search_term_string"}}],"inLanguage":"de-DE"}]}},"_links":{"self":[{"href":"https:\/\/www.alscher-bestattungen.de\/de\/wp-json\/wp\/v2\/pages\/108","targetHints":{"allow":["GET"]}}],"collection":[{"href":"https:\/\/www.alscher-bestattungen.de\/de\/wp-json\/wp\/v2\/pages"}],"about":[{"href":"https:\/\/www.alscher-bestattungen.de\/de\/wp-json\/wp\/v2\/types\/page"}],"author":[{"embeddable":true,"href":"https:\/\/www.alscher-bestattungen.de\/de\/wp-json\/wp\/v2\/users\/1"}],"replies":[{"embeddable":true,"href":"https:\/\/www.alscher-bestattungen.de\/de\/wp-json\/wp\/v2\/comments?post=108"}],"version-history":[{"count":40,"href":"https:\/\/www.alscher-bestattungen.de\/de\/wp-json\/wp\/v2\/pages\/108\/revisions"}],"predecessor-version":[{"id":2146,"href":"https:\/\/www.alscher-bestattungen.de\/de\/wp-json\/wp\/v2\/pages\/108\/revisions\/2146"}],"wp:attachment":[{"href":"https:\/\/www.alscher-bestattungen.de\/de\/wp-json\/wp\/v2\/media?parent=108"}],"curies":[{"name":"wp","href":"https:\/\/api.w.org\/{rel}","templated":true}]}}