{"id":102,"date":"2022-10-11T13:04:42","date_gmt":"2022-10-11T13:04:42","guid":{"rendered":"https:\/\/www.alscher-bestattungen.de\/?page_id=102"},"modified":"2023-10-17T14:20:11","modified_gmt":"2023-10-17T14:20:11","slug":"unser-team","status":"publish","type":"page","link":"https:\/\/www.alscher-bestattungen.de\/de\/unser-team\/","title":{"rendered":"Unser Team"},"content":{"rendered":"<div class=\"wp-block-image\">\n<figure class=\"aligncenter size-large\"><img loading=\"lazy\" decoding=\"async\" width=\"1024\" height=\"682\" src=\"https:\/\/shop.sereni.de\/app\/uploads\/sites\/10\/2023\/03\/CMS_04650438-\u00a9SERENI-KatrinSchoene-1-1024x682.jpg\" alt=\"\" class=\"wp-image-1557\" srcset=\"https:\/\/shop.sereni.de\/app\/uploads\/sites\/10\/2023\/03\/CMS_04650438-\u00a9SERENI-KatrinSchoene-1-1024x682.jpg 1024w, https:\/\/shop.sereni.de\/app\/uploads\/sites\/10\/2023\/03\/CMS_04650438-\u00a9SERENI-KatrinSchoene-1-300x200.jpg 300w, https:\/\/shop.sereni.de\/app\/uploads\/sites\/10\/2023\/03\/CMS_04650438-\u00a9SERENI-KatrinSchoene-1-451x300.jpg 451w, https:\/\/shop.sereni.de\/app\/uploads\/sites\/10\/2023\/03\/CMS_04650438-\u00a9SERENI-KatrinSchoene-1-1300x865.jpg 1300w, https:\/\/shop.sereni.de\/app\/uploads\/sites\/10\/2023\/03\/CMS_04650438-\u00a9SERENI-KatrinSchoene-1-1440x958.jpg 1440w, https:\/\/shop.sereni.de\/app\/uploads\/sites\/10\/2023\/03\/CMS_04650438-\u00a9SERENI-KatrinSchoene-1-600x399.jpg 600w, https:\/\/shop.sereni.de\/app\/uploads\/sites\/10\/2023\/03\/CMS_04650438-\u00a9SERENI-KatrinSchoene-1.jpg 1800w\" sizes=\"auto, (max-width: 1024px) 100vw, 1024px\" \/><\/figure><\/div>\n\n\n<div style=\"height:50px\" aria-hidden=\"true\" class=\"wp-block-spacer\"><\/div>\n\n\n\n<figure class=\"wp-block-pullquote has-medium-font-size\"><blockquote><p>Die Urspr\u00fcnge von Alscher Bestattungen<\/p><\/blockquote><\/figure>\n\n\n<div id=\"block-variable-content-list-block_9d1ac6745d1c0f66896cf1cf503c8e24\" class=\"block-variable-content-list alt_1\">\n    <div class=\"container\">\n        <div class=\"widget-wrap per_row_2\">\n                        <div class=\"block-content\">\n                                                                                    <div class=\"element\">\n                                                            \n                                \n                                                                    <div class=\"content-wrap\">\n                                        <h3><strong>Ihr verl\u00e4sslicher Partner in schweren Zeiten.<\/strong><\/h3>\n<p>Das Unternehmen Alscher Bestattungen wurde <strong>1996 von Dieter Alscher gegr\u00fcndet<\/strong>.<\/p>\n<p>Der christliche Gedanke bewog Dieter Alscher damals sich sozial zu engagieren. Seine Kaufm\u00e4nnischen F\u00e4higkeiten sowie sein handwerkliches Geschick verwendete er in diesem Sinne seither darauf Menschen in ihrer Trauer zu unterst\u00fctzen und ihnen in schweren Zeiten der Trauer zur Seite zu stehen.<\/p>\n<p>Die Steuerung aller mit einer Bestattung im Zusammenhang stehenden Aufgaben sind unmittelbar an den Menschen gekn\u00fcpft und bed\u00fcrfen heute kaufm\u00e4nnischer, rechtlicher und psychologischer Kenntnisse in einer immer neuen Qualit\u00e4t &#8211; mit diesem Bewusstsein m\u00f6chten Cornelia Alscher und ihr Team als modernes Bestattungsinstitut den Angeh\u00f6rigen ein lebensnaher, kompetenter und einf\u00fchlsamer Begleiter sein.<\/p>\n                                    <\/div>\n                                                                                    <\/div>\n                                                                    <div class=\"element\">\n                                                            \n                                                                    <div class=\"image-wrap\">\n                                                                                    <img loading=\"lazy\" decoding=\"async\" width=\"1024\" height=\"863\" src=\"https:\/\/shop.sereni.de\/app\/uploads\/sites\/10\/2023\/03\/CMS_0067-\u00a9SERENI-KatrinSchoene-e1680019138868-1024x863.jpg\" class=\"attachment-large size-large\" alt=\"Unser Team\" srcset=\"https:\/\/shop.sereni.de\/app\/uploads\/sites\/10\/2023\/03\/CMS_0067-\u00a9SERENI-KatrinSchoene-e1680019138868-1024x863.jpg 1024w, https:\/\/shop.sereni.de\/app\/uploads\/sites\/10\/2023\/03\/CMS_0067-\u00a9SERENI-KatrinSchoene-e1680019138868-300x253.jpg 300w, https:\/\/shop.sereni.de\/app\/uploads\/sites\/10\/2023\/03\/CMS_0067-\u00a9SERENI-KatrinSchoene-e1680019138868-356x300.jpg 356w, https:\/\/shop.sereni.de\/app\/uploads\/sites\/10\/2023\/03\/CMS_0067-\u00a9SERENI-KatrinSchoene-e1680019138868-1300x1096.jpg 1300w, https:\/\/shop.sereni.de\/app\/uploads\/sites\/10\/2023\/03\/CMS_0067-\u00a9SERENI-KatrinSchoene-e1680019138868-600x506.jpg 600w, https:\/\/shop.sereni.de\/app\/uploads\/sites\/10\/2023\/03\/CMS_0067-\u00a9SERENI-KatrinSchoene-e1680019138868.jpg 1393w\" sizes=\"auto, (max-width: 1024px) 100vw, 1024px\" title=\"Unser Team\" \/>                                                                            <\/div>\n                                \n                                                                                    <\/div>\n                                                <\/div>\n        <\/div>\n    <\/div>\n<\/div>\n\n\n<div id=\"block-variable-content-list-block_c316220b17268153e933498db9bf0afe\" class=\"block-variable-content-list alt_1\">\n    <div class=\"container\">\n        <div class=\"widget-wrap per_row_2\">\n                        <div class=\"block-content\">\n                                                                                    <div class=\"element\">\n                                                            \n                                                                    <div class=\"image-wrap\">\n                                                                                    <img loading=\"lazy\" decoding=\"async\" width=\"1024\" height=\"840\" src=\"https:\/\/shop.sereni.de\/app\/uploads\/sites\/10\/2023\/03\/CMS_0815-\u00a9SERENI-KatrinSchoene-e1680018190352-1024x840.jpg\" class=\"attachment-large size-large\" alt=\"Unser Team\" srcset=\"https:\/\/shop.sereni.de\/app\/uploads\/sites\/10\/2023\/03\/CMS_0815-\u00a9SERENI-KatrinSchoene-e1680018190352-1024x840.jpg 1024w, https:\/\/shop.sereni.de\/app\/uploads\/sites\/10\/2023\/03\/CMS_0815-\u00a9SERENI-KatrinSchoene-e1680018190352-300x246.jpg 300w, https:\/\/shop.sereni.de\/app\/uploads\/sites\/10\/2023\/03\/CMS_0815-\u00a9SERENI-KatrinSchoene-e1680018190352-366x300.jpg 366w, https:\/\/shop.sereni.de\/app\/uploads\/sites\/10\/2023\/03\/CMS_0815-\u00a9SERENI-KatrinSchoene-e1680018190352-1300x1066.jpg 1300w, https:\/\/shop.sereni.de\/app\/uploads\/sites\/10\/2023\/03\/CMS_0815-\u00a9SERENI-KatrinSchoene-e1680018190352-1440x1181.jpg 1440w, https:\/\/shop.sereni.de\/app\/uploads\/sites\/10\/2023\/03\/CMS_0815-\u00a9SERENI-KatrinSchoene-e1680018190352-600x492.jpg 600w, https:\/\/shop.sereni.de\/app\/uploads\/sites\/10\/2023\/03\/CMS_0815-\u00a9SERENI-KatrinSchoene-e1680018190352.jpg 1453w\" sizes=\"auto, (max-width: 1024px) 100vw, 1024px\" title=\"Unser Team\" \/>                                                                            <\/div>\n                                \n                                                                                    <\/div>\n                                                                    <div class=\"element\">\n                                                            \n                                \n                                                                    <div class=\"content-wrap\">\n                                        <h3>Das Bestattungshaus Alscher<\/h3>\n<p>F\u00fcr uns steht das pers\u00f6nliche Gespr\u00e4ch\u00a0und die\u00a0individuelle Beratung\u00a0im Vordergrund.<\/p>\n<p>Gern nehmen wir uns die Zeit, mit Ihnen all Ihre Fragen in Ruhe durchzugehen und Ihnen wichtige Sachverhalte bei Bedarf genauer zu erl\u00e4utern.<\/p>\n<p>Von Anfang an werden wir Sie begleiten und auf Wunsch auch nach dem Ausrichten der Trauerfeier f\u00fcr Sie da sein. Dar\u00fcber hinaus stehen wir Ihnen bei Fragen und W\u00fcnschen jederzeit, d.h. jeden Tag rund um die Uhr, zur Seite.<\/p>\n<p>Wir bieten dar\u00fcber hinaus auch\u00a0Beratungen in russischer und in polnischer Sprache an.<\/p>\n                                    <\/div>\n                                                                                    <\/div>\n                                                <\/div>\n        <\/div>\n    <\/div>\n<\/div>\n\n\n<div id=\"block-variable-content-list-block_9a6383d91e6cfc485ea44cf5479de1b6\" class=\"block-variable-content-list default\">\n    <div class=\"container\">\n        <div class=\"widget-wrap per_row_3\">\n                        <div class=\"block-content\">\n                                                                                    <div class=\"element\">\n                                                            \n                                                                    <div class=\"image-wrap\">\n                                                                                    <img loading=\"lazy\" decoding=\"async\" width=\"800\" height=\"800\" src=\"https:\/\/shop.sereni.de\/app\/uploads\/sites\/10\/2023\/03\/CMS_0214-\u00a9SERENI-KatrinSchoene-1.png\" class=\"attachment-large size-large\" alt=\"Unser Team\" srcset=\"https:\/\/shop.sereni.de\/app\/uploads\/sites\/10\/2023\/03\/CMS_0214-\u00a9SERENI-KatrinSchoene-1.png 800w, https:\/\/shop.sereni.de\/app\/uploads\/sites\/10\/2023\/03\/CMS_0214-\u00a9SERENI-KatrinSchoene-1-300x300.png 300w, https:\/\/shop.sereni.de\/app\/uploads\/sites\/10\/2023\/03\/CMS_0214-\u00a9SERENI-KatrinSchoene-1-150x150.png 150w, https:\/\/shop.sereni.de\/app\/uploads\/sites\/10\/2023\/03\/CMS_0214-\u00a9SERENI-KatrinSchoene-1-600x600.png 600w\" sizes=\"auto, (max-width: 800px) 100vw, 800px\" title=\"Unser Team\" \/>                                                                            <\/div>\n                                \n                                                                    <div class=\"content-wrap\">\n                                        <h2 style=\"text-align: center\"><strong>Dieter Alscher<\/strong><\/h2>\n<p style=\"text-align: center\"><b>Liebt die k\u00fchle Briese bei seinen Fahrten auf seiner Harley Davidson.<\/b><\/p>\n<p style=\"text-align: center\">Gr\u00fcnder von Alscher Bestattungen<\/p>\n                                    <\/div>\n                                                                                    <\/div>\n                                                                    <div class=\"element\">\n                                                            \n                                                                    <div class=\"image-wrap\">\n                                                                                    <img loading=\"lazy\" decoding=\"async\" width=\"800\" height=\"800\" src=\"https:\/\/shop.sereni.de\/app\/uploads\/sites\/10\/2023\/03\/CMS_0291-\u00a9SERENI-KatrinSchoene-1.png\" class=\"attachment-large size-large\" alt=\"Unser Team\" srcset=\"https:\/\/shop.sereni.de\/app\/uploads\/sites\/10\/2023\/03\/CMS_0291-\u00a9SERENI-KatrinSchoene-1.png 800w, https:\/\/shop.sereni.de\/app\/uploads\/sites\/10\/2023\/03\/CMS_0291-\u00a9SERENI-KatrinSchoene-1-300x300.png 300w, https:\/\/shop.sereni.de\/app\/uploads\/sites\/10\/2023\/03\/CMS_0291-\u00a9SERENI-KatrinSchoene-1-150x150.png 150w, https:\/\/shop.sereni.de\/app\/uploads\/sites\/10\/2023\/03\/CMS_0291-\u00a9SERENI-KatrinSchoene-1-600x600.png 600w\" sizes=\"auto, (max-width: 800px) 100vw, 800px\" title=\"Unser Team\" \/>                                                                            <\/div>\n                                \n                                                                    <div class=\"content-wrap\">\n                                        <h2 style=\"text-align: center\"><strong>Cornelia Alscher<\/strong><\/h2>\n<p style=\"text-align: center\"><span class=\"type-j\"><strong>Weicht nie von Ihrer Seite und hat jederzeit ein offenes Ohr.<\/strong><\/span><\/p>\n<p style=\"text-align: center\">Gesch\u00e4ftsf\u00fchrerin<\/p>\n                                    <\/div>\n                                                                                    <\/div>\n                                                                    <div class=\"element\">\n                                                            \n                                                                    <div class=\"image-wrap\">\n                                                                                    <img loading=\"lazy\" decoding=\"async\" width=\"800\" height=\"800\" src=\"https:\/\/shop.sereni.de\/app\/uploads\/sites\/10\/2023\/03\/CMS_0269-\u00a9SERENI-KatrinSchoene-1.png\" class=\"attachment-large size-large\" alt=\"Unser Team\" srcset=\"https:\/\/shop.sereni.de\/app\/uploads\/sites\/10\/2023\/03\/CMS_0269-\u00a9SERENI-KatrinSchoene-1.png 800w, https:\/\/shop.sereni.de\/app\/uploads\/sites\/10\/2023\/03\/CMS_0269-\u00a9SERENI-KatrinSchoene-1-300x300.png 300w, https:\/\/shop.sereni.de\/app\/uploads\/sites\/10\/2023\/03\/CMS_0269-\u00a9SERENI-KatrinSchoene-1-150x150.png 150w, https:\/\/shop.sereni.de\/app\/uploads\/sites\/10\/2023\/03\/CMS_0269-\u00a9SERENI-KatrinSchoene-1-600x600.png 600w\" sizes=\"auto, (max-width: 800px) 100vw, 800px\" title=\"Unser Team\" \/>                                                                            <\/div>\n                                \n                                                                    <div class=\"content-wrap\">\n                                        <h2 style=\"text-align: center\"><strong>Matthias Adam<\/strong><\/h2>\n<p style=\"text-align: center\"><span class=\"type-j\"><strong>Quereinsteiger und liebt seine neue Berufung im Bestattungsumfeld.<\/strong><\/span><\/p>\n<p style=\"text-align: center\">B\u00fcro und Buchhaltung<\/p>\n                                    <\/div>\n                                                                                    <\/div>\n                                                <\/div>\n        <\/div>\n    <\/div>\n<\/div>\n\n\n<div id=\"block-variable-content-list-block_da07486d22bcb3e9a0516b979ad0cf28\" class=\"block-variable-content-list default\">\n    <div class=\"container\">\n        <div class=\"widget-wrap per_row_2\">\n                        <div class=\"block-content\">\n                            <\/div>\n        <\/div>\n    <\/div>\n<\/div>\n\n\n<div id=\"block-variable-content-list-block_0105f64174ae744d47986eb30731237e\" class=\"block-variable-content-list default\">\n    <div class=\"container\">\n        <div class=\"widget-wrap per_row_3\">\n                        <div class=\"block-content\">\n                                                                                    <div class=\"element\">\n                                                            \n                                \n                                                                                    <\/div>\n                                                                    <div class=\"element\">\n                                                            \n                                                                    <div class=\"image-wrap\">\n                                                                                    <img loading=\"lazy\" decoding=\"async\" width=\"1024\" height=\"663\" src=\"https:\/\/shop.sereni.de\/app\/uploads\/sites\/10\/2023\/03\/CMS_0597-\u00a9SERENI-KatrinSchoene-1024x663.jpg\" class=\"attachment-large size-large\" alt=\"Unser Team\" srcset=\"https:\/\/shop.sereni.de\/app\/uploads\/sites\/10\/2023\/03\/CMS_0597-\u00a9SERENI-KatrinSchoene-1024x663.jpg 1024w, https:\/\/shop.sereni.de\/app\/uploads\/sites\/10\/2023\/03\/CMS_0597-\u00a9SERENI-KatrinSchoene-300x194.jpg 300w, https:\/\/shop.sereni.de\/app\/uploads\/sites\/10\/2023\/03\/CMS_0597-\u00a9SERENI-KatrinSchoene-463x300.jpg 463w, https:\/\/shop.sereni.de\/app\/uploads\/sites\/10\/2023\/03\/CMS_0597-\u00a9SERENI-KatrinSchoene-1300x842.jpg 1300w, https:\/\/shop.sereni.de\/app\/uploads\/sites\/10\/2023\/03\/CMS_0597-\u00a9SERENI-KatrinSchoene-1440x933.jpg 1440w, https:\/\/shop.sereni.de\/app\/uploads\/sites\/10\/2023\/03\/CMS_0597-\u00a9SERENI-KatrinSchoene-600x389.jpg 600w, https:\/\/shop.sereni.de\/app\/uploads\/sites\/10\/2023\/03\/CMS_0597-\u00a9SERENI-KatrinSchoene.jpg 1800w\" sizes=\"auto, (max-width: 1024px) 100vw, 1024px\" title=\"Unser Team\" \/>                                                                            <\/div>\n                                \n                                                                    <div class=\"content-wrap\">\n                                        <h2 style=\"text-align: center\"><strong>Unsere Seelentr\u00f6ster<\/strong><\/h2>\n<p style=\"text-align: center\">Emma, Bentley und Frida<\/p>\n                                    <\/div>\n                                                                                    <\/div>\n                                                <\/div>\n        <\/div>\n    <\/div>\n<\/div>\n\n\n<div id=\"block-variable-content-list-block_b4246f71e3dee7f51b33e299d44317a3\" class=\"block-variable-content-list alt_1\">\n    <div class=\"container\">\n        <div class=\"widget-wrap per_row_2\">\n                        <div class=\"block-content\">\n                                                                                    <div class=\"element\">\n                                                            \n                                \n                                                                                    <\/div>\n                                                <\/div>\n        <\/div>\n    <\/div>\n<\/div>\n","protected":false},"excerpt":{"rendered":"<p>Die Urspr\u00fcnge von Alscher Bestattungen<\/p>\n","protected":false},"author":1,"featured_media":0,"parent":0,"menu_order":0,"comment_status":"closed","ping_status":"closed","template":"","meta":{"_acf_changed":false,"footnotes":""},"class_list":["post-102","page","type-page","status-publish","hentry"],"acf":[],"yoast_head":"<!-- This site is optimized with the Yoast SEO plugin v25.8 - https:\/\/yoast.com\/wordpress\/plugins\/seo\/ -->\n<title>Unser Team - Alscher Bestattungen<\/title>\n<meta name=\"description\" content=\"Ihr verl\u00e4sslicher Partner in schweren Zeiten. Das Unternehmen Alscher Bestattungen wurde 1996 von Dieter Alscher gegr\u00fcndet.\" \/>\n<meta name=\"robots\" content=\"index, follow, max-snippet:-1, max-image-preview:large, max-video-preview:-1\" \/>\n<link rel=\"canonical\" href=\"https:\/\/www.alscher-bestattungen.de\/de\/unser-team\/\" \/>\n<meta property=\"og:locale\" content=\"de_DE\" \/>\n<meta property=\"og:type\" content=\"article\" \/>\n<meta property=\"og:title\" content=\"Unser Team - Alscher Bestattungen\" \/>\n<meta property=\"og:description\" content=\"Ihr verl\u00e4sslicher Partner in schweren Zeiten. Das Unternehmen Alscher Bestattungen wurde 1996 von Dieter Alscher gegr\u00fcndet.\" \/>\n<meta property=\"og:url\" content=\"https:\/\/www.alscher-bestattungen.de\/de\/unser-team\/\" \/>\n<meta property=\"og:site_name\" content=\"Alscher Bestattungen\" \/>\n<meta property=\"article:modified_time\" content=\"2023-10-17T14:20:11+00:00\" \/>\n<meta name=\"twitter:card\" content=\"summary_large_image\" \/>\n<meta name=\"twitter:label1\" content=\"Est. reading time\" \/>\n\t<meta name=\"twitter:data1\" content=\"1 minute\" \/>\n<script type=\"application\/ld+json\" class=\"yoast-schema-graph\">{\"@context\":\"https:\/\/schema.org\",\"@graph\":[{\"@type\":\"WebPage\",\"@id\":\"https:\/\/www.alscher-bestattungen.de\/de\/unser-team\/\",\"url\":\"https:\/\/www.alscher-bestattungen.de\/de\/unser-team\/\",\"name\":\"Unser Team - Alscher Bestattungen\",\"isPartOf\":{\"@id\":\"https:\/\/www.alscher-bestattungen.de\/de\/#website\"},\"datePublished\":\"2022-10-11T13:04:42+00:00\",\"dateModified\":\"2023-10-17T14:20:11+00:00\",\"description\":\"Ihr verl\u00e4sslicher Partner in schweren Zeiten. Das Unternehmen Alscher Bestattungen wurde 1996 von Dieter Alscher gegr\u00fcndet.\",\"inLanguage\":\"de-DE\",\"potentialAction\":[{\"@type\":\"ReadAction\",\"target\":[\"https:\/\/www.alscher-bestattungen.de\/de\/unser-team\/\"]}]},{\"@type\":\"WebSite\",\"@id\":\"https:\/\/www.alscher-bestattungen.de\/de\/#website\",\"url\":\"https:\/\/www.alscher-bestattungen.de\/de\/\",\"name\":\"Alscher Bestattungen\",\"description\":\"Just another Sereni Sites site\",\"potentialAction\":[{\"@type\":\"SearchAction\",\"target\":{\"@type\":\"EntryPoint\",\"urlTemplate\":\"https:\/\/www.alscher-bestattungen.de\/de\/?s={search_term_string}\"},\"query-input\":{\"@type\":\"PropertyValueSpecification\",\"valueRequired\":true,\"valueName\":\"search_term_string\"}}],\"inLanguage\":\"de-DE\"}]}<\/script>\n<!-- \/ Yoast SEO plugin. -->","yoast_head_json":{"title":"Unser Team - Alscher Bestattungen","description":"Ihr verl\u00e4sslicher Partner in schweren Zeiten. Das Unternehmen Alscher Bestattungen wurde 1996 von Dieter Alscher gegr\u00fcndet.","robots":{"index":"index","follow":"follow","max-snippet":"max-snippet:-1","max-image-preview":"max-image-preview:large","max-video-preview":"max-video-preview:-1"},"canonical":"https:\/\/www.alscher-bestattungen.de\/de\/unser-team\/","og_locale":"de_DE","og_type":"article","og_title":"Unser Team - Alscher Bestattungen","og_description":"Ihr verl\u00e4sslicher Partner in schweren Zeiten. Das Unternehmen Alscher Bestattungen wurde 1996 von Dieter Alscher gegr\u00fcndet.","og_url":"https:\/\/www.alscher-bestattungen.de\/de\/unser-team\/","og_site_name":"Alscher Bestattungen","article_modified_time":"2023-10-17T14:20:11+00:00","twitter_card":"summary_large_image","twitter_misc":{"Est. reading time":"1 minute"},"schema":{"@context":"https:\/\/schema.org","@graph":[{"@type":"WebPage","@id":"https:\/\/www.alscher-bestattungen.de\/de\/unser-team\/","url":"https:\/\/www.alscher-bestattungen.de\/de\/unser-team\/","name":"Unser Team - Alscher Bestattungen","isPartOf":{"@id":"https:\/\/www.alscher-bestattungen.de\/de\/#website"},"datePublished":"2022-10-11T13:04:42+00:00","dateModified":"2023-10-17T14:20:11+00:00","description":"Ihr verl\u00e4sslicher Partner in schweren Zeiten. Das Unternehmen Alscher Bestattungen wurde 1996 von Dieter Alscher gegr\u00fcndet.","inLanguage":"de-DE","potentialAction":[{"@type":"ReadAction","target":["https:\/\/www.alscher-bestattungen.de\/de\/unser-team\/"]}]},{"@type":"WebSite","@id":"https:\/\/www.alscher-bestattungen.de\/de\/#website","url":"https:\/\/www.alscher-bestattungen.de\/de\/","name":"Alscher Bestattungen","description":"Just another Sereni Sites site","potentialAction":[{"@type":"SearchAction","target":{"@type":"EntryPoint","urlTemplate":"https:\/\/www.alscher-bestattungen.de\/de\/?s={search_term_string}"},"query-input":{"@type":"PropertyValueSpecification","valueRequired":true,"valueName":"search_term_string"}}],"inLanguage":"de-DE"}]}},"_links":{"self":[{"href":"https:\/\/www.alscher-bestattungen.de\/de\/wp-json\/wp\/v2\/pages\/102","targetHints":{"allow":["GET"]}}],"collection":[{"href":"https:\/\/www.alscher-bestattungen.de\/de\/wp-json\/wp\/v2\/pages"}],"about":[{"href":"https:\/\/www.alscher-bestattungen.de\/de\/wp-json\/wp\/v2\/types\/page"}],"author":[{"embeddable":true,"href":"https:\/\/www.alscher-bestattungen.de\/de\/wp-json\/wp\/v2\/users\/1"}],"replies":[{"embeddable":true,"href":"https:\/\/www.alscher-bestattungen.de\/de\/wp-json\/wp\/v2\/comments?post=102"}],"version-history":[{"count":146,"href":"https:\/\/www.alscher-bestattungen.de\/de\/wp-json\/wp\/v2\/pages\/102\/revisions"}],"predecessor-version":[{"id":2154,"href":"https:\/\/www.alscher-bestattungen.de\/de\/wp-json\/wp\/v2\/pages\/102\/revisions\/2154"}],"wp:attachment":[{"href":"https:\/\/www.alscher-bestattungen.de\/de\/wp-json\/wp\/v2\/media?parent=102"}],"curies":[{"name":"wp","href":"https:\/\/api.w.org\/{rel}","templated":true}]}}